{"id":87222,"date":"2026-04-21T12:17:21","date_gmt":"2026-04-21T12:17:21","guid":{"rendered":"https:\/\/www.gullemig.se\/?post_type=product&#038;p=87222"},"modified":"2026-04-21T12:35:48","modified_gmt":"2026-04-21T12:35:48","slug":"ullplad-dalahastar-100-ull","status":"publish","type":"product","link":"https:\/\/www.gullemig.se\/en\/product\/ullplad-dalahastar-100-ull\/","title":{"rendered":"Wool blanket Dala horses \u2013 100% wool"},"content":{"rendered":"<!-- wpsso pinterest pin it image added on 2026-04-22T11:59:44+00:00 -->\n<div class=\"wpsso-pinterest-pin-it-image\" style=\"display:none !important;\">\n<\/div><!-- .wpsso-pinterest-pin-it-image -->\n\n<h1>Beskrivning &#8211; Ullpl\u00e4d dalah\u00e4star &#8211; 100% ull<\/h1>\n<p><strong>Size<br \/>\n<\/strong>65x95cm<\/p>\n<p><strong>Material<br \/>\n<\/strong>100% ull<\/p>\n<p><span title=\"Edited\"><span class=\"_5yl5\"><strong>Washing instructions<\/strong><br \/>\n<\/span><\/span><span title=\"Edited\"><span class=\"_5yl5\">30C\u00b0 handtv\u00e4tt<\/span><\/span><\/p>\n<p><span title=\"Edited\"><span class=\"_5yl5\"><strong>Delivery time<br \/>\n<\/strong>Ships within 2-4 business days.<br \/>\n<\/span><\/span><\/p>","protected":false},"excerpt":{"rendered":"<p><img loading=\"lazy\" decoding=\"async\" class=\"alignnone wp-image-53362\" src=\"https:\/\/www.gullemig.se\/wp-content\/uploads\/2020\/02\/green-check.png\" alt=\"\" width=\"24\" height=\"24\" data-wp-pid=\"53362\" \/> 100% ull<br \/>\n<img loading=\"lazy\" decoding=\"async\" class=\"alignnone wp-image-53362\" src=\"https:\/\/www.gullemig.se\/wp-content\/uploads\/2020\/02\/green-check.png\" alt=\"\" width=\"24\" height=\"24\" data-wp-pid=\"53362\" \/> Fast delivery and free shipping over SEK 999<\/p>\n<p>Svep in ditt barn i en mysig supermjuk ullpl\u00e4d. Kan v\u00e4ljas i olika f\u00e4rger.<\/p>\n<p>For more information, see description below.<\/p>","protected":false},"featured_media":87245,"comment_status":"open","ping_status":"closed","template":"","meta":[],"product_brand":[],"product_cat":[236],"product_tag":[],"class_list":{"0":"post-87222","1":"product","2":"type-product","3":"status-publish","4":"has-post-thumbnail","6":"product_cat-filtar","8":"first","9":"instock","10":"taxable","11":"shipping-taxable","12":"purchasable","13":"product-type-variable"},"yoast_head":"<!-- This site is optimized with the Yoast SEO plugin v15.1 - https:\/\/yoast.com\/wordpress\/plugins\/seo\/ -->\n<title>Ekologisk bomullsfilt i bomullsfleece - Handsydda filtar fr\u00e5n Sverige<\/title>\n<meta name=\"description\" content=\"Svep in ditt barn i en mysig supermjuk ekologisk bomullsfilt i babynestet, soffan, vagnen eller vart som helst. Med ekologisk supermjuk bomullsfleece f\u00e5r bebisen en mysig mjuk stund.\" \/>\n<meta name=\"robots\" content=\"index, follow, max-snippet:-1, max-image-preview:large, max-video-preview:-1\" \/>\n<link rel=\"canonical\" href=\"https:\/\/www.gullemig.se\/en\/product\/ullplad-dalahastar-100-ull\/\" \/>\n<!-- \/ Yoast SEO plugin. -->","_links":{"self":[{"href":"https:\/\/www.gullemig.se\/en\/wp-json\/wp\/v2\/product\/87222","targetHints":{"allow":["GET"]}}],"collection":[{"href":"https:\/\/www.gullemig.se\/en\/wp-json\/wp\/v2\/product"}],"about":[{"href":"https:\/\/www.gullemig.se\/en\/wp-json\/wp\/v2\/types\/product"}],"replies":[{"embeddable":true,"href":"https:\/\/www.gullemig.se\/en\/wp-json\/wp\/v2\/comments?post=87222"}],"wp:featuredmedia":[{"embeddable":true,"href":"https:\/\/www.gullemig.se\/en\/wp-json\/wp\/v2\/media\/87245"}],"wp:attachment":[{"href":"https:\/\/www.gullemig.se\/en\/wp-json\/wp\/v2\/media?parent=87222"}],"wp:term":[{"taxonomy":"product_brand","embeddable":true,"href":"https:\/\/www.gullemig.se\/en\/wp-json\/wp\/v2\/product_brand?post=87222"},{"taxonomy":"product_cat","embeddable":true,"href":"https:\/\/www.gullemig.se\/en\/wp-json\/wp\/v2\/product_cat?post=87222"},{"taxonomy":"product_tag","embeddable":true,"href":"https:\/\/www.gullemig.se\/en\/wp-json\/wp\/v2\/product_tag?post=87222"}],"curies":[{"name":"wp","href":"https:\/\/api.w.org\/{rel}","templated":true}]}}