{"id":85900,"date":"2024-11-12T10:03:11","date_gmt":"2024-11-12T10:03:11","guid":{"rendered":"https:\/\/www.gullemig.se\/?post_type=product&#038;p=85900"},"modified":"2025-08-21T06:49:08","modified_gmt":"2025-08-21T06:49:08","slug":"babywrap-gammelrosa-offwhite-ekologisk-bomullsfleece","status":"publish","type":"product","link":"https:\/\/www.gullemig.se\/en\/product\/babywrap-gammelrosa-offwhite-ekologisk-bomullsfleece\/","title":{"rendered":"Babywrap \u2013 Old pink \/ Offwhite ORGANIC cotton fleece"},"content":{"rendered":"<!-- wpsso pinterest pin it image added on 2026-04-16T08:53:46+00:00 -->\n<div class=\"wpsso-pinterest-pin-it-image\" style=\"display:none !important;\">\n<\/div><!-- .wpsso-pinterest-pin-it-image -->\n\n<div class=\"woocommerce-product-details__short-description\">\n<h1>Description \u2013 Babywrap Old pink \/ Offwhite ORGANIC cotton fleece<\/h1>\n<p><strong>Size<br \/>\n<\/strong>Suitable for baby protection with 3- and 5-point belts.<\/p>\n<p><strong>Material<br \/>\n<\/strong>Made of knitted tricot on the outside. 100% pure organic cotton fleece inside. All materials are oeko-tex certified and contain no harmful substances to skin and health.<\/p>\n<p><span title=\"Edited\"><span class=\"_5yl5\"><strong>Washing instructions<\/strong><br \/>\n<\/span><\/span><span title=\"Edited\"><span class=\"_5yl5\">Wash in a washing machine at 30 degrees and air dry, do not tumble dry.<br \/>\n<\/span><\/span><\/p>\n<p><span title=\"Edited\"><span class=\"_5yl5\"><strong>Delivery time<br \/>\n<\/strong>Ships within 1-3 working days.<br \/>\n<\/span><\/span><\/p>\n<\/div>","protected":false},"excerpt":{"rendered":"<p><strong>Big seller!<\/strong> Babywrap is one of our most appreciated products.<br \/>\n&quot;One of my best purchases for the children&#39;s first time. Mine is still nice after being well used by two children.\u201d - Therese Wiksten<\/p>\n<p><img loading=\"lazy\" decoding=\"async\" class=\"alignnone wp-image-53362\" src=\"https:\/\/www.gullemig.se\/wp-content\/uploads\/2020\/02\/green-check.png\" alt=\"\" width=\"24\" height=\"24\" data-wp-pid=\"53362\" \/> With 100% pure organic cotton fleece on the inside<br \/>\n<img loading=\"lazy\" decoding=\"async\" class=\"alignnone wp-image-53362\" src=\"https:\/\/www.gullemig.se\/wp-content\/uploads\/2020\/02\/green-check.png\" alt=\"\" width=\"24\" height=\"24\" data-wp-pid=\"53362\" \/> Ships within 1-3 working days.<br \/>\n<img loading=\"lazy\" decoding=\"async\" class=\"alignnone wp-image-53362\" src=\"https:\/\/www.gullemig.se\/wp-content\/uploads\/2020\/02\/green-check.png\" alt=\"\" width=\"24\" height=\"24\" data-wp-pid=\"53362\" \/> Free shipping over SEK 999<\/p>\n<p>According to recommendations, children should not go in a car seat with thick clothes on - a Baby Wrap is perfect to wrap your child warm and safe. A cozy blanket when the cold hits. With cotton fleece inside, you get a really warm and comfortable blanket that fits best during autumn, winter and spring. Simply attach the Baby Wrap to the baby seat or car seat and easily regulate the heat by opening up the blanket.<\/p>\n<p>For more information, see description below.<\/p>","protected":false},"featured_media":81595,"comment_status":"open","ping_status":"closed","template":"","meta":[],"product_brand":[],"product_cat":[232],"product_tag":[],"class_list":{"0":"post-85900","1":"product","2":"type-product","3":"status-publish","4":"has-post-thumbnail","6":"product_cat-babywrap","8":"first","9":"outofstock","10":"taxable","11":"shipping-taxable","12":"purchasable","13":"product-type-simple"},"yoast_head":"<!-- This site is optimized with the Yoast SEO plugin v15.1 - https:\/\/yoast.com\/wordpress\/plugins\/seo\/ -->\n<title>Babywrap gammelrosa - Handsydda babywrap fr\u00e5n Sverige<\/title>\n<meta name=\"description\" content=\"Svep in ditt barn i en mysig och varm filt n\u00e4r kylan sl\u00e5r till. S\u00e4tt enkelt fast babywrapen i babyskyddet, bilstolen eller barnvagnen och reglera enkelt v\u00e4rmen genom att \u00f6ppna upp filten.\" \/>\n<meta name=\"robots\" content=\"index, follow, max-snippet:-1, max-image-preview:large, max-video-preview:-1\" \/>\n<link rel=\"canonical\" href=\"https:\/\/www.gullemig.se\/en\/product\/babywrap-gammelrosa-offwhite-ekologisk-bomullsfleece\/\" \/>\n<!-- \/ Yoast SEO plugin. -->","_links":{"self":[{"href":"https:\/\/www.gullemig.se\/en\/wp-json\/wp\/v2\/product\/85900","targetHints":{"allow":["GET"]}}],"collection":[{"href":"https:\/\/www.gullemig.se\/en\/wp-json\/wp\/v2\/product"}],"about":[{"href":"https:\/\/www.gullemig.se\/en\/wp-json\/wp\/v2\/types\/product"}],"replies":[{"embeddable":true,"href":"https:\/\/www.gullemig.se\/en\/wp-json\/wp\/v2\/comments?post=85900"}],"wp:featuredmedia":[{"embeddable":true,"href":"https:\/\/www.gullemig.se\/en\/wp-json\/wp\/v2\/media\/81595"}],"wp:attachment":[{"href":"https:\/\/www.gullemig.se\/en\/wp-json\/wp\/v2\/media?parent=85900"}],"wp:term":[{"taxonomy":"product_brand","embeddable":true,"href":"https:\/\/www.gullemig.se\/en\/wp-json\/wp\/v2\/product_brand?post=85900"},{"taxonomy":"product_cat","embeddable":true,"href":"https:\/\/www.gullemig.se\/en\/wp-json\/wp\/v2\/product_cat?post=85900"},{"taxonomy":"product_tag","embeddable":true,"href":"https:\/\/www.gullemig.se\/en\/wp-json\/wp\/v2\/product_tag?post=85900"}],"curies":[{"name":"wp","href":"https:\/\/api.w.org\/{rel}","templated":true}]}}