{"id":84994,"date":"2023-11-21T17:54:34","date_gmt":"2023-11-21T17:54:34","guid":{"rendered":"https:\/\/www.gullemig.se\/?post_type=product&#038;p=84994"},"modified":"2026-04-13T10:52:23","modified_gmt":"2026-04-13T10:52:23","slug":"sovrav-joshua-blagra-med-sota-djur","status":"publish","type":"product","link":"https:\/\/www.gullemig.se\/en\/product\/sovrav-joshua-blagra-med-sota-djur\/","title":{"rendered":"Joshua the sleeping fox - Blue gray with cute animals"},"content":{"rendered":"<!-- wpsso pinterest pin it image added on 2026-04-16T07:22:18+00:00 -->\n<div class=\"wpsso-pinterest-pin-it-image\" style=\"display:none !important;\">\n<\/div><!-- .wpsso-pinterest-pin-it-image -->\n\n<h1>Description - Joshua the sleeping fox<\/h1>\n<h3><b>Size<\/b><\/h3>\n<p><em>About 3.6 m long and about 38 cm round<\/em>\u00a0- Reaches around the entire crib for a cozier and safer sleeping time for your child. Also works well in a bigger bed.<\/p>\n<h3><strong>Print<\/strong><\/h3>\n<p>Make your sleepy animal more personal - choose to have your name, date of birth, baptism date, etc. printed on your sleepy animal.<\/p>\n<h3><strong>Material<\/strong><\/h3>\n<p>The fabric on this sleeping fox is oeko-tex certified. To maintain their shape and function, my sleeping animals are very well stuffed with 100% oeko-tex certified polyester, free of substances that are dangerous to skin and health. Eyes and possible nose are prints of non-toxic textile vinyl.<\/p>\n<h3><strong>Washing instructions<\/strong><\/h3>\n<p><strong>Polyester stuffing:<\/strong><br \/>\nWash in a washing machine, if necessary. My recommendations are 30 degree delicate wash with low spin and dryer on low heat. It is also good to plant dry at room temperature.<\/p>\n<h3><strong>Delivery time<\/strong><\/h3>\n<p>Ships within 5-10 business days.<\/p>","protected":false},"excerpt":{"rendered":"<div class=\"woocommerce-product-details__short-description\">\n<p><img loading=\"lazy\" decoding=\"async\" class=\"alignnone wp-image-53362\" src=\"https:\/\/www.gullemig.se\/wp-content\/uploads\/2020\/02\/green-check.png\" alt=\"\" width=\"24\" height=\"24\" data-wp-pid=\"53362\" \/> Compact stuffing to retain its shape and function<br \/>\n<img loading=\"lazy\" decoding=\"async\" class=\"alignnone wp-image-53362\" src=\"https:\/\/www.gullemig.se\/wp-content\/uploads\/2020\/02\/green-check.png\" alt=\"\" width=\"24\" height=\"24\" data-wp-pid=\"53362\" \/> Free shipping above 100 \u20ac<\/p>\n<p>With its soft cotton body, Joshua the sleeping fox becomes a cozy friend in your child&#39;s bed and is perfect to have in the crib when you are transitioning from the baby nest. The sleeping animal ensures that small arms and legs stay on the inside of the slats and makes the crib more cozy and safe for small children. The sleeping animal also sleeps well in the growing bed and likes to play in the playroom when the child gets a little bigger.<\/p>\n<p>Want more information? See further down the page.<\/p>\n<\/div>","protected":false},"featured_media":84999,"comment_status":"open","ping_status":"closed","template":"","meta":[],"product_brand":[],"product_cat":[268,445,249],"product_tag":[],"class_list":{"0":"post-84994","1":"product","2":"type-product","3":"status-publish","4":"has-post-thumbnail","6":"product_cat-barnrum","7":"product_cat-eco-collection","8":"product_cat-sovdjur-lagervara","10":"first","11":"outofstock","12":"taxable","13":"shipping-taxable","14":"purchasable","15":"product-type-variable"},"yoast_head":"<!-- This site is optimized with the Yoast SEO plugin v15.1 - https:\/\/yoast.com\/wordpress\/plugins\/seo\/ -->\n<title>Sovr\u00e4v Joshua - Bl\u00e5gr\u00e5 med s\u00f6ta djur - gullemig<\/title>\n<meta name=\"robots\" content=\"index, follow, max-snippet:-1, max-image-preview:large, max-video-preview:-1\" \/>\n<link rel=\"canonical\" href=\"https:\/\/www.gullemig.se\/en\/product\/sovrav-joshua-blagra-med-sota-djur\/\" \/>\n<!-- \/ Yoast SEO plugin. -->","_links":{"self":[{"href":"https:\/\/www.gullemig.se\/en\/wp-json\/wp\/v2\/product\/84994","targetHints":{"allow":["GET"]}}],"collection":[{"href":"https:\/\/www.gullemig.se\/en\/wp-json\/wp\/v2\/product"}],"about":[{"href":"https:\/\/www.gullemig.se\/en\/wp-json\/wp\/v2\/types\/product"}],"replies":[{"embeddable":true,"href":"https:\/\/www.gullemig.se\/en\/wp-json\/wp\/v2\/comments?post=84994"}],"wp:featuredmedia":[{"embeddable":true,"href":"https:\/\/www.gullemig.se\/en\/wp-json\/wp\/v2\/media\/84999"}],"wp:attachment":[{"href":"https:\/\/www.gullemig.se\/en\/wp-json\/wp\/v2\/media?parent=84994"}],"wp:term":[{"taxonomy":"product_brand","embeddable":true,"href":"https:\/\/www.gullemig.se\/en\/wp-json\/wp\/v2\/product_brand?post=84994"},{"taxonomy":"product_cat","embeddable":true,"href":"https:\/\/www.gullemig.se\/en\/wp-json\/wp\/v2\/product_cat?post=84994"},{"taxonomy":"product_tag","embeddable":true,"href":"https:\/\/www.gullemig.se\/en\/wp-json\/wp\/v2\/product_tag?post=84994"}],"curies":[{"name":"wp","href":"https:\/\/api.w.org\/{rel}","templated":true}]}}