{"id":82994,"date":"2022-11-18T11:50:00","date_gmt":"2022-11-18T11:50:00","guid":{"rendered":"https:\/\/www.gullemig.se\/?post_type=product&#038;p=82994"},"modified":"2025-09-16T19:53:15","modified_gmt":"2025-09-16T19:53:15","slug":"baddset-muslin-vintage-blommig","status":"publish","type":"product","link":"https:\/\/www.gullemig.se\/en\/product\/baddset-muslin-vintage-blommig\/","title":{"rendered":"Bed set Muslin \u2013 Vintage floral"},"content":{"rendered":"<!-- wpsso pinterest pin it image added on 2026-04-16T07:22:36+00:00 -->\n<div class=\"wpsso-pinterest-pin-it-image\" style=\"display:none !important;\">\n<\/div><!-- .wpsso-pinterest-pin-it-image -->\n\n<h1>Description - Bedding Set Muslin - Vintage Floral<\/h1>\n<p><strong>Size<br \/>\n<\/strong>Cot bed linnen<br \/>\nDuvet - 100\u00d7130 cm<br \/>\nPillow case - 35\u00d755 cm<\/p>\n<p><strong>Material<br \/>\n<\/strong>100% oeko-tex certified cotton mussel, free from harmful substances for you and your child.<\/p>\n<p><span title=\"Edited\"><span class=\"_5yl5\"><strong>Washing instructions<\/strong><br \/>\n<\/span><\/span><span title=\"Edited\"><span class=\"_5yl5\">Wash in a washing machine at 40 degrees. Hang-dried, not dryer.<br \/>\n<\/span><\/span><\/p>\n<p><span title=\"Edited\"><span class=\"_5yl5\"><strong>Delivery time<\/strong><br \/>\nShips within 2-5 working days.<br \/>\n<\/span><\/span><\/p>","protected":false},"excerpt":{"rendered":"<p><img loading=\"lazy\" decoding=\"async\" class=\"alignnone wp-image-53362\" src=\"https:\/\/www.gullemig.se\/wp-content\/uploads\/2020\/02\/green-check.png\" alt=\"\" width=\"24\" height=\"24\" data-wp-pid=\"53362\" \/> Oeko-tex certified cotton.<br \/>\n<img loading=\"lazy\" decoding=\"async\" class=\"alignnone wp-image-53362\" src=\"https:\/\/www.gullemig.se\/wp-content\/uploads\/2020\/02\/green-check.png\" alt=\"\" width=\"24\" height=\"24\" data-wp-pid=\"53362\" \/> Fast delivery and free shipping over SEK 999<\/p>\n<p>The bed set in wonderful cotton muslin with floral vintage style to put little hearts in the crib. This bedding set gets softer and softer the more it is washed. Made of 100% cotton for a soft and comfortable sleep.<\/p>\n<p>For more information, see description below.<\/p>","protected":false},"featured_media":82995,"comment_status":"open","ping_status":"closed","template":"","meta":[],"product_brand":[],"product_cat":[240,203],"product_tag":[],"class_list":{"0":"post-82994","1":"product","2":"type-product","3":"status-publish","4":"has-post-thumbnail","6":"product_cat-baddset","7":"product_cat-utforsaljning","9":"first","10":"outofstock","11":"sale","12":"taxable","13":"shipping-taxable","14":"purchasable","15":"product-type-simple"},"yoast_head":"<!-- This site is optimized with the Yoast SEO plugin v15.1 - https:\/\/yoast.com\/wordpress\/plugins\/seo\/ -->\n<title>B\u00e4ddset i muslin till spj\u00e4ls\u00e4ng - Handsydda b\u00e4ddset fr\u00e5n Sverige<\/title>\n<meta name=\"description\" content=\"Underbart b\u00e4ddset i bomullsmuslin att b\u00e4dda ner sm\u00e5 hj\u00e4rtan med i spj\u00e4ls\u00e4ngen.\" \/>\n<meta name=\"robots\" content=\"index, follow, max-snippet:-1, max-image-preview:large, max-video-preview:-1\" \/>\n<link rel=\"canonical\" href=\"https:\/\/www.gullemig.se\/en\/product\/baddset-muslin-vintage-blommig\/\" \/>\n<!-- \/ Yoast SEO plugin. -->","_links":{"self":[{"href":"https:\/\/www.gullemig.se\/en\/wp-json\/wp\/v2\/product\/82994","targetHints":{"allow":["GET"]}}],"collection":[{"href":"https:\/\/www.gullemig.se\/en\/wp-json\/wp\/v2\/product"}],"about":[{"href":"https:\/\/www.gullemig.se\/en\/wp-json\/wp\/v2\/types\/product"}],"replies":[{"embeddable":true,"href":"https:\/\/www.gullemig.se\/en\/wp-json\/wp\/v2\/comments?post=82994"}],"wp:featuredmedia":[{"embeddable":true,"href":"https:\/\/www.gullemig.se\/en\/wp-json\/wp\/v2\/media\/82995"}],"wp:attachment":[{"href":"https:\/\/www.gullemig.se\/en\/wp-json\/wp\/v2\/media?parent=82994"}],"wp:term":[{"taxonomy":"product_brand","embeddable":true,"href":"https:\/\/www.gullemig.se\/en\/wp-json\/wp\/v2\/product_brand?post=82994"},{"taxonomy":"product_cat","embeddable":true,"href":"https:\/\/www.gullemig.se\/en\/wp-json\/wp\/v2\/product_cat?post=82994"},{"taxonomy":"product_tag","embeddable":true,"href":"https:\/\/www.gullemig.se\/en\/wp-json\/wp\/v2\/product_tag?post=82994"}],"curies":[{"name":"wp","href":"https:\/\/api.w.org\/{rel}","templated":true}]}}