{"id":82993,"date":"2022-11-18T10:48:33","date_gmt":"2022-11-18T10:48:33","guid":{"rendered":"https:\/\/www.gullemig.se\/?post_type=product&#038;p=82993"},"modified":"2024-09-17T11:50:15","modified_gmt":"2024-09-17T11:50:15","slug":"frotteskydd-gra","status":"publish","type":"product","link":"https:\/\/www.gullemig.se\/en\/product\/frotteskydd-gra\/","title":{"rendered":"Terry cover \u2013 Grey"},"content":{"rendered":"<!-- wpsso pinterest pin it image added on 2026-04-16T09:27:29+00:00 -->\n<div class=\"wpsso-pinterest-pin-it-image\" style=\"display:none !important;\">\n<\/div><!-- .wpsso-pinterest-pin-it-image -->\n\n<h1>Description \u2013 Gray terrycloth cover<\/h1>\n<h3><strong>Size<\/strong><\/h3>\n<p>40 \u00d7 60 cm.<\/p>\n<h3><strong>Material<\/strong><\/h3>\n<p>Made of 100% cotton and heavy-duty mattress cover in &quot;plasticized&quot; terry to prevent leakage. Both oeko-tex certified.<\/p>\n<h3><strong>Washing instructions<\/strong><\/h3>\n<p>Can be washed in a washing machine at up to 60 degrees. Do not tumble dry, hang dry or dry in a drying cabinet on low heat.<strong><br \/>\n<\/strong><\/p>\n<h3><strong>Delivery time<\/strong><\/h3>\n<p>Ships within 2-5 working days.<\/p>","protected":false},"excerpt":{"rendered":"<p>Terry cover for changing mat that keeps mattress and fabric fresh. Can also be used in the changing bag for a more pleasant visit to public changing tables, or really anywhere.<\/p>\n<p>Size: 40 \u00d7 60 cm<\/p>\n<p>For more information, see description below.<\/p>","protected":false},"featured_media":82989,"comment_status":"open","ping_status":"closed","template":"","meta":[],"product_brand":[],"product_cat":[171],"product_tag":[],"class_list":{"0":"post-82993","1":"product","2":"type-product","3":"status-publish","4":"has-post-thumbnail","6":"product_cat-frotte","8":"first","9":"instock","10":"taxable","11":"shipping-taxable","12":"purchasable","13":"product-type-simple"},"yoast_head":"<!-- This site is optimized with the Yoast SEO plugin v15.1 - https:\/\/yoast.com\/wordpress\/plugins\/seo\/ -->\n<title>Frott\u00e9skydd - Gr\u00e5 - gullemig<\/title>\n<meta name=\"description\" content=\"Frott\u00e9skydd till sk\u00f6tb\u00e4dd som h\u00e5ller madrass och tyg fr\u00e4scht. Kan \u00e4ven anv\u00e4ndas i sk\u00f6tv\u00e4skan f\u00f6r ett trevligare bes\u00f6k p\u00e5 allm\u00e4nna sk\u00f6tbord, eller egentligen vart som helst.\" \/>\n<meta name=\"robots\" content=\"index, follow, max-snippet:-1, max-image-preview:large, max-video-preview:-1\" \/>\n<link rel=\"canonical\" href=\"https:\/\/www.gullemig.se\/en\/product\/frotteskydd-gra\/\" \/>\n<!-- \/ Yoast SEO plugin. -->","_links":{"self":[{"href":"https:\/\/www.gullemig.se\/en\/wp-json\/wp\/v2\/product\/82993","targetHints":{"allow":["GET"]}}],"collection":[{"href":"https:\/\/www.gullemig.se\/en\/wp-json\/wp\/v2\/product"}],"about":[{"href":"https:\/\/www.gullemig.se\/en\/wp-json\/wp\/v2\/types\/product"}],"replies":[{"embeddable":true,"href":"https:\/\/www.gullemig.se\/en\/wp-json\/wp\/v2\/comments?post=82993"}],"wp:featuredmedia":[{"embeddable":true,"href":"https:\/\/www.gullemig.se\/en\/wp-json\/wp\/v2\/media\/82989"}],"wp:attachment":[{"href":"https:\/\/www.gullemig.se\/en\/wp-json\/wp\/v2\/media?parent=82993"}],"wp:term":[{"taxonomy":"product_brand","embeddable":true,"href":"https:\/\/www.gullemig.se\/en\/wp-json\/wp\/v2\/product_brand?post=82993"},{"taxonomy":"product_cat","embeddable":true,"href":"https:\/\/www.gullemig.se\/en\/wp-json\/wp\/v2\/product_cat?post=82993"},{"taxonomy":"product_tag","embeddable":true,"href":"https:\/\/www.gullemig.se\/en\/wp-json\/wp\/v2\/product_tag?post=82993"}],"curies":[{"name":"wp","href":"https:\/\/api.w.org\/{rel}","templated":true}]}}