{"id":82843,"date":"2022-11-01T18:06:25","date_gmt":"2022-11-01T18:06:25","guid":{"rendered":"https:\/\/www.gullemig.se\/?post_type=product&#038;p=82843"},"modified":"2025-12-03T08:34:12","modified_gmt":"2025-12-03T08:34:12","slug":"nissebuspyjamas-ekologisk-bomull","status":"publish","type":"product","link":"https:\/\/www.gullemig.se\/en\/product\/nissebuspyjamas-ekologisk-bomull\/","title":{"rendered":"Santa Bus Pajamas \u2013 (ORGANIC COTTON)"},"content":{"rendered":"<!-- wpsso pinterest pin it image added on 2026-04-20T11:04:32+00:00 -->\n<div class=\"wpsso-pinterest-pin-it-image\" style=\"display:none !important;\">\n<\/div><!-- .wpsso-pinterest-pin-it-image -->\n\n<h2>Description \u2013 Santa Bus Pajamas (ORGANIC COTTON)<\/h2>\n<h3><strong>Size<\/strong><\/h3>\n<p>86\/92 - about 1-2 years<br \/>\n98\/104 - about 2-4 years<br \/>\n110\/116 - about 4-6 years<br \/>\n122\/128 \u2013 about 6-8 years<\/p>\n<h3><strong>Material<\/strong><\/h3>\n<p>Made in GOTS-certified organic cotton jersey.<\/p>\n<h3>Washing instructions<\/h3>\n<p>Washing machine 40 degrees, no tumble dryer, hang dry.<\/p>\n<h3>Delivery time<\/h3>\n<p>Ships within 1-2 business days.<\/p>","protected":false},"excerpt":{"rendered":"<h5><strong><span style=\"color: #539539;\">We donate SEK 30 per pajama sold to the Children&#39;s Cancer Foundation. The pajamas are available in a limited number.<br \/>\n<\/span><\/strong><\/h5>\n<p><strong>What has Santa come up with now? Santa bus!<br \/>\n<\/strong><\/p>\n<p>It&#39;s almost time for the Goblin to move into our homes... Filled with mischief and antics. What has he come up with this time? The elf might move in and leave a gift as a thank you for letting him move in this year, or this year again! A Santa bus pyjamas!<\/p>\n<p>This year&#39;s mischievous pajama set, drawn and designed by ourselves! A lovely t-shirt with longer harem shorts, made from organic, super soft cotton!<\/p>\n<p>For more information, see further down the page.<\/p>","protected":false},"featured_media":82853,"comment_status":"open","ping_status":"closed","template":"","meta":[],"product_brand":[],"product_cat":[271,235,203],"product_tag":[],"class_list":{"0":"post-82843","1":"product","2":"type-product","3":"status-publish","4":"has-post-thumbnail","6":"product_cat-barnklader","7":"product_cat-jul","8":"product_cat-utforsaljning","10":"first","11":"instock","12":"sale","13":"taxable","14":"shipping-taxable","15":"purchasable","16":"product-type-variable"},"yoast_head":"<!-- This site is optimized with the Yoast SEO plugin v15.1 - https:\/\/yoast.com\/wordpress\/plugins\/seo\/ -->\n<title>Nissebuspyjamas - (EKOLOGISK BOMULL) - gullemig<\/title>\n<meta name=\"description\" content=\"Nissebuspyjamas. \u00c5rets busigaste pyjamas till barn tillverkad i ekologisk bomull. Vad har nissen hittat p\u00e5 den h\u00e4r g\u00e5ngen? Nissebus!\" \/>\n<meta name=\"robots\" content=\"index, follow, max-snippet:-1, max-image-preview:large, max-video-preview:-1\" \/>\n<link rel=\"canonical\" href=\"https:\/\/www.gullemig.se\/en\/product\/nissebuspyjamas-ekologisk-bomull\/\" \/>\n<!-- \/ Yoast SEO plugin. -->","_links":{"self":[{"href":"https:\/\/www.gullemig.se\/en\/wp-json\/wp\/v2\/product\/82843","targetHints":{"allow":["GET"]}}],"collection":[{"href":"https:\/\/www.gullemig.se\/en\/wp-json\/wp\/v2\/product"}],"about":[{"href":"https:\/\/www.gullemig.se\/en\/wp-json\/wp\/v2\/types\/product"}],"replies":[{"embeddable":true,"href":"https:\/\/www.gullemig.se\/en\/wp-json\/wp\/v2\/comments?post=82843"}],"wp:featuredmedia":[{"embeddable":true,"href":"https:\/\/www.gullemig.se\/en\/wp-json\/wp\/v2\/media\/82853"}],"wp:attachment":[{"href":"https:\/\/www.gullemig.se\/en\/wp-json\/wp\/v2\/media?parent=82843"}],"wp:term":[{"taxonomy":"product_brand","embeddable":true,"href":"https:\/\/www.gullemig.se\/en\/wp-json\/wp\/v2\/product_brand?post=82843"},{"taxonomy":"product_cat","embeddable":true,"href":"https:\/\/www.gullemig.se\/en\/wp-json\/wp\/v2\/product_cat?post=82843"},{"taxonomy":"product_tag","embeddable":true,"href":"https:\/\/www.gullemig.se\/en\/wp-json\/wp\/v2\/product_tag?post=82843"}],"curies":[{"name":"wp","href":"https:\/\/api.w.org\/{rel}","templated":true}]}}