{"id":81302,"date":"2022-03-25T07:17:50","date_gmt":"2022-03-25T07:17:50","guid":{"rendered":"https:\/\/www.gullemig.se\/?post_type=product&#038;p=81302"},"modified":"2024-07-23T14:23:49","modified_gmt":"2024-07-23T14:23:49","slug":"tubis-till-barnvagn-offwhite-linne","status":"publish","type":"product","link":"https:\/\/www.gullemig.se\/en\/product\/tubis-till-barnvagn-offwhite-linne\/","title":{"rendered":"Tubis for pram \u2013 Offwhite linen"},"content":{"rendered":"<!-- wpsso pinterest pin it image added on 2026-04-16T10:27:18+00:00 -->\n<div class=\"wpsso-pinterest-pin-it-image\" style=\"display:none !important;\">\n<\/div><!-- .wpsso-pinterest-pin-it-image -->\n\n<h2>Description - Tubis for pram - Off-white linen<\/h2>\n<h3><strong>Size<\/strong><\/h3>\n<p>The tube is about 145cm long and about 24cm round.<\/p>\n<h3><strong>Material<\/strong><\/h3>\n<p>The fabric of this tube is 100% oeko-tex certified linen. To maintain its shape and function, the tube is very well padded with 100% oeko-tex certified polyester.<\/p>\n<h3>Washing instructions<\/h3>\n<p>The Tubis are sewn and stuffed so that washing is possible in a washing machine at up to 60 degrees and can be used in a tumble dryer.<\/p>\n<h3>Delivery time<\/h3>\n<p>Ships within 2-5 working days.<\/p>","protected":false},"excerpt":{"rendered":"<p>A Tubis makes it both cozy in the stroller and at the same time provides good support for your baby. Also fits in the cradle and as crib bumper in a bedside crib.<\/p>\n<p>For more information, see further down the page.<\/p>","protected":false},"featured_media":85686,"comment_status":"open","ping_status":"closed","template":"","meta":[],"product_brand":[],"product_cat":[207],"product_tag":[],"class_list":{"0":"post-81302","1":"product","2":"type-product","3":"status-publish","4":"has-post-thumbnail","6":"product_cat-tubis","8":"first","9":"instock","10":"sold-individually","11":"taxable","12":"shipping-taxable","13":"purchasable","14":"product-type-simple"},"yoast_head":"<!-- This site is optimized with the Yoast SEO plugin v15.1 - https:\/\/yoast.com\/wordpress\/plugins\/seo\/ -->\n<title>Tubis till barnvagn - Offwhite linne - gullemig<\/title>\n<meta name=\"description\" content=\"Tubis, vagnorm, f\u00f6r en tryggare tur i barnvagnen. V\u00e5ra sm\u00e5 \u00e4lskar att ha det ombonat omkring sig. En Tubis g\u00f6r det b\u00e5de mysigt i barnvagnen samtidigt som den ger ett bra st\u00f6d f\u00f6r barnet i en vagn som annars kan k\u00e4nnas stor f\u00f6r sm\u00e5 barn.\" \/>\n<meta name=\"robots\" content=\"index, follow, max-snippet:-1, max-image-preview:large, max-video-preview:-1\" \/>\n<link rel=\"canonical\" href=\"https:\/\/www.gullemig.se\/en\/product\/tubis-till-barnvagn-offwhite-linne\/\" \/>\n<!-- \/ Yoast SEO plugin. -->","_links":{"self":[{"href":"https:\/\/www.gullemig.se\/en\/wp-json\/wp\/v2\/product\/81302","targetHints":{"allow":["GET"]}}],"collection":[{"href":"https:\/\/www.gullemig.se\/en\/wp-json\/wp\/v2\/product"}],"about":[{"href":"https:\/\/www.gullemig.se\/en\/wp-json\/wp\/v2\/types\/product"}],"replies":[{"embeddable":true,"href":"https:\/\/www.gullemig.se\/en\/wp-json\/wp\/v2\/comments?post=81302"}],"wp:featuredmedia":[{"embeddable":true,"href":"https:\/\/www.gullemig.se\/en\/wp-json\/wp\/v2\/media\/85686"}],"wp:attachment":[{"href":"https:\/\/www.gullemig.se\/en\/wp-json\/wp\/v2\/media?parent=81302"}],"wp:term":[{"taxonomy":"product_brand","embeddable":true,"href":"https:\/\/www.gullemig.se\/en\/wp-json\/wp\/v2\/product_brand?post=81302"},{"taxonomy":"product_cat","embeddable":true,"href":"https:\/\/www.gullemig.se\/en\/wp-json\/wp\/v2\/product_cat?post=81302"},{"taxonomy":"product_tag","embeddable":true,"href":"https:\/\/www.gullemig.se\/en\/wp-json\/wp\/v2\/product_tag?post=81302"}],"curies":[{"name":"wp","href":"https:\/\/api.w.org\/{rel}","templated":true}]}}