{"id":80643,"date":"2021-12-07T19:39:47","date_gmt":"2021-12-07T19:39:47","guid":{"rendered":"https:\/\/www.gullemig.se\/?post_type=product&#038;p=80643"},"modified":"2026-04-13T10:34:15","modified_gmt":"2026-04-13T10:34:15","slug":"sovpanda-jona","status":"publish","type":"product","link":"https:\/\/www.gullemig.se\/en\/product\/sovpanda-jona\/","title":{"rendered":"Sovpanda Jona"},"content":{"rendered":"<!-- wpsso pinterest pin it image added on 2026-04-19T17:31:31+00:00 -->\n<div class=\"wpsso-pinterest-pin-it-image\" style=\"display:none !important;\">\n<\/div><!-- .wpsso-pinterest-pin-it-image -->\n\n<h1>Description - Sleeping Panda Jonah<\/h1>\n<h3><b>Size<\/b><\/h3>\n<p><em>About 3.6 m long and about 38 cm round<\/em>\u00a0- Reaches around the entire crib for a cozier and safer sleeping time for your child. Also works well in a growing bed.<br \/>\n<em>About 2.6 m and about 38 cm round<\/em> - Does not reach all the way around the crib but works well as protection against hard slats.<br \/>\n<em>Optional length<\/em> - Of course it is possible to order any length. Contact me for price suggestions.<\/p>\n<h3><strong>Print<\/strong><\/h3>\n<p>Make your sleepy animal more personal - choose to have your name, date of birth, baptism date, etc. printed on your sleepy animal.<\/p>\n<h3><strong>Colors and patterns on fabric<\/strong><\/h3>\n<p>The sleeping panda Jona has a calm combination of fabrics. Here, two beige fabrics with balloons and stars are matched together with a plain white fabric. If you fell in love with the combination of fabrics, but want a different sleeping animal, it is of course fine to order it.<\/p>\n<p>If you do not find the perfect sleeping animal that matches your wishes, you are welcome to contact me for fabric suggestions as there is a large selection of patterns and colors of fabric to choose from. If you already know what colors and types of patterns you want, you can make a note when ordering or fill in the form further down the page for free fabric suggestions, and I will contact you via email within two working days. If you want more inspiration, you can check it out <a href=\"https:\/\/www.instagram.com\/gullemig\/\">@Gullemig<\/a> on Instagram where I show all my products.<\/p>\n<p><strong>Yes please, contact me with free fabric suggestions via my email:<\/strong><\/p>\n\n<div class=\"wpcf7 no-js\" id=\"wpcf7-f7145-o1\" lang=\"en-US\" dir=\"ltr\" data-wpcf7-id=\"7145\">\n<div class=\"screen-reader-response\"><p role=\"status\" aria-live=\"polite\" aria-atomic=\"true\"><\/p> <ul><\/ul><\/div>\n<form action=\"\/en\/wp-json\/wp\/v2\/product\/80643#wpcf7-f7145-o1\" method=\"post\" class=\"wpcf7-form init\" aria-label=\"Contact form\" novalidate=\"novalidate\" data-status=\"init\" data-trp-original-action=\"\/en\/wp-json\/wp\/v2\/product\/80643#wpcf7-f7145-o1\">\n<div style=\"display: none;\">\n<input type=\"hidden\" name=\"_wpcf7\" value=\"7145\" \/>\n<input type=\"hidden\" name=\"_wpcf7_version\" value=\"6.0.4\" \/>\n<input type=\"hidden\" name=\"_wpcf7_locale\" value=\"en_US\" \/>\n<input type=\"hidden\" name=\"_wpcf7_unit_tag\" value=\"wpcf7-f7145-o1\" \/>\n<input type=\"hidden\" name=\"_wpcf7_container_post\" value=\"0\" \/>\n<input type=\"hidden\" name=\"_wpcf7_posted_data_hash\" value=\"\" \/>\n<\/div>\n<p>Your name (required)\n<\/p>\n<p><span class=\"wpcf7-form-control-wrap\" data-name=\"Namn\"><input size=\"40\" maxlength=\"400\" class=\"wpcf7-form-control wpcf7-text wpcf7-validates-as-required\" aria-required=\"true\" aria-invalid=\"false\" value=\"\" type=\"text\" name=\"Namn\" \/><\/span>\n<\/p>\n<p>Your email address (required)\n<\/p>\n<p><span class=\"wpcf7-form-control-wrap\" data-name=\"epost\"><input size=\"40\" maxlength=\"400\" class=\"wpcf7-form-control wpcf7-email wpcf7-validates-as-required wpcf7-text wpcf7-validates-as-email\" aria-required=\"true\" aria-invalid=\"false\" value=\"\" type=\"email\" name=\"epost\" \/><\/span>\n<\/p>\n<p>Message - Request color and animal (required)\n<\/p>\n<p><span class=\"wpcf7-form-control-wrap\" data-name=\"Meddelande\"><textarea cols=\"40\" rows=\"10\" maxlength=\"2000\" class=\"wpcf7-form-control wpcf7-textarea wpcf7-validates-as-required\" aria-required=\"true\" aria-invalid=\"false\" name=\"Meddelande\"><\/textarea><\/span>\n<\/p>\n<div class=\"cf7-cf-turnstile\" style=\"margin-top: 0px; margin-bottom: -15px;\"> <div id=\"cf-turnstile-cf7-1743367061\" class=\"cf-turnstile\" data-sitekey=\"0x4AAAAAAA1GcstOb35i0Ucw\" data-theme=\"light\" data-language=\"sv-se\" data-size=\"normal\" data-retry=\"auto\" data-retry-interval=\"1000\" data-action=\"contact-form-7\" data-appearance=\"always\"><\/div> <script>document.addEventListener(\"DOMContentLoaded\", function() { setTimeout(function(){ var e=document.getElementById(\"cf-turnstile-cf7-1743367061\"); e&&!e.innerHTML.trim()&&(turnstile.remove(\"#cf-turnstile-cf7-1743367061\"), turnstile.render(\"#cf-turnstile-cf7-1743367061\", {sitekey:\"0x4AAAAAAA1GcstOb35i0Ucw\"})); }, 0); });<\/script> <br class=\"cf-turnstile-br cf-turnstile-br-cf7-1743367061\"> <style>#cf-turnstile-cf7-1743367061 { margin-left: -15px; }<\/style> <script>document.addEventListener(\"DOMContentLoaded\",function(){document.querySelectorAll('.wpcf7-form').forEach(function(e){e.addEventListener('submit',function(){if(document.getElementById('cf-turnstile-cf7-1743367061')){setTimeout(function(){turnstile.reset('#cf-turnstile-cf7-1743367061');},1000)}})})});<\/script> <\/div>\n<p><input class=\"wpcf7-form-control wpcf7-submit has-spinner\" type=\"submit\" value=\"Send\" \/>\n<\/p><div class=\"wpcf7-response-output\" aria-hidden=\"true\"><\/div>\n<input type=\"hidden\" name=\"trp-form-language\" value=\"en\"\/><\/form>\n<\/div>\n\n<h3><strong>Material<\/strong><\/h3>\n<p>All fabrics I use are pure oeko-tex certified cotton fabrics unless otherwise stated. To maintain its shape and function, my sleeping animals are very well padded with 100% oeko-tex certified polyester, free from substances that are dangerous to skin and health. Eyes and possible nose are prints of non-toxic textile vinyl.<\/p>\n<h3><strong>Washing instructions<\/strong><\/h3>\n<p><strong>Polyester stuffing:<\/strong><br \/>\nWash in washing machine at 30 degrees with low spin and dryer on low heat. It is also possible to hang dry at room temperature.<\/p>\n<h3><strong>Delivery time<\/strong><\/h3>\n<p>Delivery time for ordering sleeping animals is about 4-6 weeks after you have made your fabric choices.<\/p>\n<p><strong>Do you need your sleeping animal delivered earlier than that?<br \/>\n<\/strong>There are many sleepy foxes with quick delivery <a href=\"https:\/\/www.gullemig.se\/en\/produkter\/sovdjur-snabb-leverans\/\">see here<\/a>.<\/p>","protected":false},"excerpt":{"rendered":"<p><img loading=\"lazy\" decoding=\"async\" class=\"alignnone wp-image-53362\" src=\"https:\/\/www.gullemig.se\/wp-content\/uploads\/2020\/02\/green-check.png\" alt=\"\" width=\"24\" height=\"24\" data-wp-pid=\"53362\" \/> Compact stuffing to retain its shape and function<br \/>\n<img loading=\"lazy\" decoding=\"async\" class=\"alignnone wp-image-53362\" src=\"https:\/\/www.gullemig.se\/wp-content\/uploads\/2020\/02\/green-check.png\" alt=\"\" width=\"24\" height=\"24\" data-wp-pid=\"53362\" \/> Free shipping above 100 \u20ac<\/p>\n<p>With its soft cotton body, the sleeping panda Jona becomes a cozy friend in your child&#39;s bed and is perfect to have in the crib when you are going to change from a baby nest. A sleeping animal ensures that small arms and legs stay on the inside of the slats and makes the crib more snug and safe for small children. The sleeping animal also sleeps well in the growing bed and likes to play in the playroom when the child gets a little bigger.<\/p>\n<p>Want more information? See further down the page.<\/p>","protected":false},"featured_media":80656,"comment_status":"open","ping_status":"closed","template":"","meta":[],"product_brand":[],"product_cat":[221],"product_tag":[],"class_list":{"0":"post-80643","1":"product","2":"type-product","3":"status-publish","4":"has-post-thumbnail","6":"product_cat-sovpanda","8":"first","9":"outofstock","10":"taxable","11":"shipping-taxable","12":"purchasable","13":"product-type-variable"},"yoast_head":"<!-- This site is optimized with the Yoast SEO plugin v15.1 - https:\/\/yoast.com\/wordpress\/plugins\/seo\/ -->\n<title>Sovdjur - Best\u00e4ll handsydd sovr\u00e4v eller andra sovdjur (katt, hund, panda...)<\/title>\n<meta name=\"description\" content=\"Med sin mjuka bomullskropp blir en sovr\u00e4v en mysig kompis i ditt barns s\u00e4ng och \u00e4r perfekt att ha i spj\u00e4ls\u00e4ngen n\u00e4r man ska \u00f6verg\u00e5 fr\u00e5n babynest. En sovr\u00e4v ser till s\u00e5 att sm\u00e5 armar och ben h\u00e5ller sig p\u00e5 insidan av spj\u00e4lorna och g\u00f6r spj\u00e4ls\u00e4ngen mer ombonad och trygg f\u00f6r sm\u00e5 barn.\" \/>\n<meta name=\"robots\" content=\"index, follow, max-snippet:-1, max-image-preview:large, max-video-preview:-1\" \/>\n<link rel=\"canonical\" href=\"https:\/\/www.gullemig.se\/en\/product\/sovpanda-jona\/\" \/>\n<!-- \/ Yoast SEO plugin. -->","_links":{"self":[{"href":"https:\/\/www.gullemig.se\/en\/wp-json\/wp\/v2\/product\/80643","targetHints":{"allow":["GET"]}}],"collection":[{"href":"https:\/\/www.gullemig.se\/en\/wp-json\/wp\/v2\/product"}],"about":[{"href":"https:\/\/www.gullemig.se\/en\/wp-json\/wp\/v2\/types\/product"}],"replies":[{"embeddable":true,"href":"https:\/\/www.gullemig.se\/en\/wp-json\/wp\/v2\/comments?post=80643"}],"wp:featuredmedia":[{"embeddable":true,"href":"https:\/\/www.gullemig.se\/en\/wp-json\/wp\/v2\/media\/80656"}],"wp:attachment":[{"href":"https:\/\/www.gullemig.se\/en\/wp-json\/wp\/v2\/media?parent=80643"}],"wp:term":[{"taxonomy":"product_brand","embeddable":true,"href":"https:\/\/www.gullemig.se\/en\/wp-json\/wp\/v2\/product_brand?post=80643"},{"taxonomy":"product_cat","embeddable":true,"href":"https:\/\/www.gullemig.se\/en\/wp-json\/wp\/v2\/product_cat?post=80643"},{"taxonomy":"product_tag","embeddable":true,"href":"https:\/\/www.gullemig.se\/en\/wp-json\/wp\/v2\/product_tag?post=80643"}],"curies":[{"name":"wp","href":"https:\/\/api.w.org\/{rel}","templated":true}]}}