{"id":80169,"date":"2021-10-26T16:06:16","date_gmt":"2021-10-26T16:06:16","guid":{"rendered":"https:\/\/www.gullemig.se\/?post_type=product&#038;p=80169"},"modified":"2024-04-23T06:01:02","modified_gmt":"2024-04-23T06:01:02","slug":"stor-muslinfilt-torkade-blommor","status":"publish","type":"product","link":"https:\/\/www.gullemig.se\/en\/product\/stor-muslinfilt-torkade-blommor\/","title":{"rendered":"Large muslin blanket - Dried flowers"},"content":{"rendered":"<!-- wpsso pinterest pin it image added on 2026-04-16T10:27:17+00:00 -->\n<div class=\"wpsso-pinterest-pin-it-image\" style=\"display:none !important;\">\n<\/div><!-- .wpsso-pinterest-pin-it-image -->\n\n<h1>Description - Large muslin blanket - Dried flowers<\/h1>\n<p><strong>Size<br \/>\n<\/strong>About 95x120cm.<\/p>\n<p><strong>Material<br \/>\n<\/strong>100% oeko-tex certified cotton - Free from harmful substances for you and your child.<\/p>\n<p><span title=\"Edited\"><span class=\"_5yl5\"><strong>Washing instructions<\/strong><br \/>\n<\/span><\/span><span title=\"Edited\"><span class=\"_5yl5\">Wash in a washing machine at 40 degrees and air dry, do not tumble dry.<br \/>\n<\/span><\/span><\/p>\n<p><span title=\"Edited\"><span class=\"_5yl5\"><strong>Delivery time<\/strong><br \/>\nShips within 2-5 working days.<br \/>\n<\/span><\/span><\/p>","protected":false},"excerpt":{"rendered":"<p>Large oeko-tex certified muslin blanket - Free from harmful substances for you and your child. Super soft and wonderful quality in cotton mussel that only gets softer and softer the more you wash the blanket.<\/p>\n<p>For more information, see description below.<\/p>","protected":false},"featured_media":80170,"comment_status":"open","ping_status":"closed","template":"","meta":[],"product_brand":[],"product_cat":[248,236],"product_tag":[],"class_list":{"0":"post-80169","1":"product","2":"type-product","3":"status-publish","4":"has-post-thumbnail","6":"product_cat-bomullsfiltar","7":"product_cat-filtar","9":"first","10":"instock","11":"taxable","12":"shipping-taxable","13":"purchasable","14":"product-type-simple"},"yoast_head":"<!-- This site is optimized with the Yoast SEO plugin v15.1 - https:\/\/yoast.com\/wordpress\/plugins\/seo\/ -->\n<title>Stor oeko-tex certifierad muslinfilt - Handsydda filtar fr\u00e5n Sverige<\/title>\n<meta name=\"description\" content=\"Stor oeko-tex certifierad muslinfilt - Fri fr\u00e5n skadliga \u00e4mnen f\u00f6r dig och ditt barn. Supermjuk och underbar kvalit\u00e9 i bomullsmuslin.\" \/>\n<meta name=\"robots\" content=\"index, follow, max-snippet:-1, max-image-preview:large, max-video-preview:-1\" \/>\n<link rel=\"canonical\" href=\"https:\/\/www.gullemig.se\/en\/product\/stor-muslinfilt-torkade-blommor\/\" \/>\n<!-- \/ Yoast SEO plugin. -->","_links":{"self":[{"href":"https:\/\/www.gullemig.se\/en\/wp-json\/wp\/v2\/product\/80169","targetHints":{"allow":["GET"]}}],"collection":[{"href":"https:\/\/www.gullemig.se\/en\/wp-json\/wp\/v2\/product"}],"about":[{"href":"https:\/\/www.gullemig.se\/en\/wp-json\/wp\/v2\/types\/product"}],"replies":[{"embeddable":true,"href":"https:\/\/www.gullemig.se\/en\/wp-json\/wp\/v2\/comments?post=80169"}],"wp:featuredmedia":[{"embeddable":true,"href":"https:\/\/www.gullemig.se\/en\/wp-json\/wp\/v2\/media\/80170"}],"wp:attachment":[{"href":"https:\/\/www.gullemig.se\/en\/wp-json\/wp\/v2\/media?parent=80169"}],"wp:term":[{"taxonomy":"product_brand","embeddable":true,"href":"https:\/\/www.gullemig.se\/en\/wp-json\/wp\/v2\/product_brand?post=80169"},{"taxonomy":"product_cat","embeddable":true,"href":"https:\/\/www.gullemig.se\/en\/wp-json\/wp\/v2\/product_cat?post=80169"},{"taxonomy":"product_tag","embeddable":true,"href":"https:\/\/www.gullemig.se\/en\/wp-json\/wp\/v2\/product_tag?post=80169"}],"curies":[{"name":"wp","href":"https:\/\/api.w.org\/{rel}","templated":true}]}}