{"id":7885,"date":"2018-06-19T20:47:55","date_gmt":"2018-06-19T20:47:55","guid":{"rendered":"https:\/\/www.gullemig.se\/?post_type=product&#038;p=7885"},"modified":"2026-04-13T10:48:15","modified_gmt":"2026-04-13T10:48:15","slug":"babynest-specialbestallning","status":"publish","type":"product","link":"https:\/\/www.gullemig.se\/en\/product\/babynest-specialbestallning\/","title":{"rendered":"Baby Nest - Customized"},"content":{"rendered":"<!-- wpsso pinterest pin it image added on 2026-04-18T09:34:35+00:00 -->\n<div class=\"wpsso-pinterest-pin-it-image\" style=\"display:none !important;\">\n<\/div><!-- .wpsso-pinterest-pin-it-image -->\n\n<h2>Description - Customized baby nest<\/h2>\n<h3>Material<\/h3>\n<p>All interior fabrics I use are pure cotton fabrics unless otherwise stated. On the outside, I use either 100% pure cotton fabric or a 100% pure linen fabric in natural fiber that gives a fantastic structure and stability on the edges.<\/p>\n<p>To maintain its shape and function, the edges of my baby nest are very well padded with 100% oeko-tex certified polyester, free from substances that are dangerous to skin and health. The mattress is also oeko-tex certified.<\/p>\n<h3>Washing instructions<\/h3>\n<p><strong>Polyester stuffing:<\/strong><br \/>\nMy baby nests can be washed in a washing machine at 40 degrees and with low spin. Take the mattress out of the baby nest and wash it separately. Make sure that the string that pulls the nest together is really stretched and then tie a bow so that the string does not disappear into the nest. Do not tumble dry.<\/p>\n<h3>Delivery time<\/h3>\n<p>Delivery time for all customized orders is about 4-6 weeks. Do you need your baby nest delivered earlier than that? Contact me at <a href=\"mailto:info@gullemig.se\"><\/a> then I will see if it is possible depending on the current order situation. Or click here to see which baby nest are available for direct delivery: <a href=\"https:\/\/www.gullemig.se\/en\/produkter\/barnrum\/babynest\/babynest-lagervara\/\">In stock babynest<\/a><\/p>\n<h3>Contact for customized baby nest<\/h3>\n\n<div class=\"wpcf7 no-js\" id=\"wpcf7-f7780-o1\" lang=\"en-US\" dir=\"ltr\" data-wpcf7-id=\"7780\">\n<div class=\"screen-reader-response\"><p role=\"status\" aria-live=\"polite\" aria-atomic=\"true\"><\/p> <ul><\/ul><\/div>\n<form action=\"\/en\/wp-json\/wp\/v2\/product\/7885#wpcf7-f7780-o1\" method=\"post\" class=\"wpcf7-form init\" aria-label=\"Contact form\" novalidate=\"novalidate\" data-status=\"init\" data-trp-original-action=\"\/en\/wp-json\/wp\/v2\/product\/7885#wpcf7-f7780-o1\">\n<div style=\"display: none;\">\n<input type=\"hidden\" name=\"_wpcf7\" value=\"7780\" \/>\n<input type=\"hidden\" name=\"_wpcf7_version\" value=\"6.0.4\" \/>\n<input type=\"hidden\" name=\"_wpcf7_locale\" value=\"en_US\" \/>\n<input type=\"hidden\" name=\"_wpcf7_unit_tag\" value=\"wpcf7-f7780-o1\" \/>\n<input type=\"hidden\" name=\"_wpcf7_container_post\" value=\"0\" \/>\n<input type=\"hidden\" name=\"_wpcf7_posted_data_hash\" value=\"\" \/>\n<\/div>\n<p>Your name (required)\n<\/p>\n<p><span class=\"wpcf7-form-control-wrap\" data-name=\"Namn\"><input size=\"40\" maxlength=\"400\" class=\"wpcf7-form-control wpcf7-text wpcf7-validates-as-required\" aria-required=\"true\" aria-invalid=\"false\" value=\"\" type=\"text\" name=\"Namn\" \/><\/span>\n<\/p>\n<p>Your email address (required)\n<\/p>\n<p><span class=\"wpcf7-form-control-wrap\" data-name=\"epost\"><input size=\"40\" maxlength=\"400\" class=\"wpcf7-form-control wpcf7-email wpcf7-validates-as-required wpcf7-text wpcf7-validates-as-email\" aria-required=\"true\" aria-invalid=\"false\" value=\"\" type=\"email\" name=\"epost\" \/><\/span>\n<\/p>\n<p>Message - Request color \/ pattern (required)\n<\/p>\n<p><span class=\"wpcf7-form-control-wrap\" data-name=\"Meddelande\"><textarea cols=\"40\" rows=\"10\" maxlength=\"2000\" class=\"wpcf7-form-control wpcf7-textarea wpcf7-validates-as-required\" aria-required=\"true\" aria-invalid=\"false\" name=\"Meddelande\"><\/textarea><\/span>\n<\/p>\n<div class=\"cf7-cf-turnstile\" style=\"margin-top: 0px; margin-bottom: -15px;\"> <div id=\"cf-turnstile-cf7-892933208\" class=\"cf-turnstile\" data-sitekey=\"0x4AAAAAAA1GcstOb35i0Ucw\" data-theme=\"light\" data-language=\"sv-se\" data-size=\"normal\" data-retry=\"auto\" data-retry-interval=\"1000\" data-action=\"contact-form-7\" data-appearance=\"always\"><\/div> <script>document.addEventListener(\"DOMContentLoaded\", function() { setTimeout(function(){ var e=document.getElementById(\"cf-turnstile-cf7-892933208\"); e&&!e.innerHTML.trim()&&(turnstile.remove(\"#cf-turnstile-cf7-892933208\"), turnstile.render(\"#cf-turnstile-cf7-892933208\", {sitekey:\"0x4AAAAAAA1GcstOb35i0Ucw\"})); }, 0); });<\/script> <br class=\"cf-turnstile-br cf-turnstile-br-cf7-892933208\"> <style>#cf-turnstile-cf7-892933208 { margin-left: -15px; }<\/style> <script>document.addEventListener(\"DOMContentLoaded\",function(){document.querySelectorAll('.wpcf7-form').forEach(function(e){e.addEventListener('submit',function(){if(document.getElementById('cf-turnstile-cf7-892933208')){setTimeout(function(){turnstile.reset('#cf-turnstile-cf7-892933208');},1000)}})})});<\/script> <\/div>\n<p><input class=\"wpcf7-form-control wpcf7-submit has-spinner\" type=\"submit\" value=\"Send\" \/>\n<\/p><div class=\"wpcf7-response-output\" aria-hidden=\"true\"><\/div>\n<input type=\"hidden\" name=\"trp-form-language\" value=\"en\"\/><\/form>\n<\/div>","protected":false},"excerpt":{"rendered":"<p><strong>Customize your own baby nest!<\/strong> Choose between a large selection of colors and patterns on fabric, different lace and silk ribbons. And of course you get help finding something that matches your wishes.<\/p>\n<p><em>For customized orders - Place an order with a note of your wishes, or fill in the form further down the page and I will contact you within three working days with fabric suggestions.<\/em><\/p>\n<div class=\"woocommerce-product-details__short-description\">\n<p><img loading=\"lazy\" decoding=\"async\" class=\"alignnone wp-image-53362\" src=\"https:\/\/www.gullemig.se\/wp-content\/uploads\/2020\/02\/green-check.png\" alt=\"\" width=\"24\" height=\"24\" data-wp-pid=\"53362\" \/>\u00a0Extra high and stable edges for the child&#39;s safety<br \/>\n<img loading=\"lazy\" decoding=\"async\" class=\"alignnone wp-image-53362\" src=\"https:\/\/www.gullemig.se\/wp-content\/uploads\/2020\/02\/green-check.png\" alt=\"\" width=\"24\" height=\"24\" data-wp-pid=\"53362\" \/>\u00a0Easily adjust the size of the baby nest as your baby grows<br \/>\n<img loading=\"lazy\" decoding=\"async\" class=\"alignnone wp-image-53362\" src=\"https:\/\/www.gullemig.se\/wp-content\/uploads\/2020\/02\/green-check.png\" alt=\"\" width=\"24\" height=\"24\" data-wp-pid=\"53362\" \/> Free shipping above 100 \u20ac<\/p>\n<p>In a baby nest, your baby sleeps safely and securely. I sew my babynest with a removable mattress for easier washing and make the edges extra wide and high so that your child does not roll out of it. A baby nest is also very important when sleeping together and the extra wide and high edges significantly minimize the risk of you rolling over your baby at night. They are sewn with a slightly lower edge at the head end so that the baby can regulate the heat better.<\/p>\n<p>As your baby grows, you can also adjust the size of the baby nest and thanks to the high and stable edges, the nest is still a good support when the baby gets a little bigger and starts to move.<\/p>\n<p>The price includes a 2 cm thick mattress and a thin pillow that is used as a vomit cover. You can also choose to buy an extra pillow\/vomit cover that you can have to replace when the other one needs to be washed.<\/p>\n<p>For more information, see further down the page.<\/p>\n<\/div>","protected":false},"featured_media":7874,"comment_status":"open","ping_status":"closed","template":"","meta":[],"product_brand":[],"product_cat":[274,198],"product_tag":[],"class_list":{"0":"post-7885","1":"product","2":"type-product","3":"status-publish","4":"has-post-thumbnail","6":"product_cat-babynest-bestallningsvara","7":"product_cat-babynest","9":"first","10":"outofstock","11":"taxable","12":"shipping-taxable","13":"purchasable","14":"product-type-variable"},"yoast_head":"<!-- This site is optimized with the Yoast SEO plugin v15.1 - https:\/\/yoast.com\/wordpress\/plugins\/seo\/ -->\n<title>Skr\u00e4ddarsy ditt eget babynest - Handsydda babynest fr\u00e5n Sverige<\/title>\n<meta name=\"description\" content=\"Skr\u00e4ddarsy ditt eget babynest fr\u00e5n Sverige. I ett babynest sover ditt barn tryggt och s\u00e4kert sin f\u00f6rsta tid i livet. Noga utvalda material.\" \/>\n<meta name=\"robots\" content=\"index, follow, max-snippet:-1, max-image-preview:large, max-video-preview:-1\" \/>\n<link rel=\"canonical\" href=\"https:\/\/www.gullemig.se\/en\/product\/babynest-specialbestallning\/\" \/>\n<!-- \/ Yoast SEO plugin. -->","_links":{"self":[{"href":"https:\/\/www.gullemig.se\/en\/wp-json\/wp\/v2\/product\/7885","targetHints":{"allow":["GET"]}}],"collection":[{"href":"https:\/\/www.gullemig.se\/en\/wp-json\/wp\/v2\/product"}],"about":[{"href":"https:\/\/www.gullemig.se\/en\/wp-json\/wp\/v2\/types\/product"}],"replies":[{"embeddable":true,"href":"https:\/\/www.gullemig.se\/en\/wp-json\/wp\/v2\/comments?post=7885"}],"wp:featuredmedia":[{"embeddable":true,"href":"https:\/\/www.gullemig.se\/en\/wp-json\/wp\/v2\/media\/7874"}],"wp:attachment":[{"href":"https:\/\/www.gullemig.se\/en\/wp-json\/wp\/v2\/media?parent=7885"}],"wp:term":[{"taxonomy":"product_brand","embeddable":true,"href":"https:\/\/www.gullemig.se\/en\/wp-json\/wp\/v2\/product_brand?post=7885"},{"taxonomy":"product_cat","embeddable":true,"href":"https:\/\/www.gullemig.se\/en\/wp-json\/wp\/v2\/product_cat?post=7885"},{"taxonomy":"product_tag","embeddable":true,"href":"https:\/\/www.gullemig.se\/en\/wp-json\/wp\/v2\/product_tag?post=7885"}],"curies":[{"name":"wp","href":"https:\/\/api.w.org\/{rel}","templated":true}]}}