{"id":78651,"date":"2021-08-17T10:31:50","date_gmt":"2021-08-17T10:31:50","guid":{"rendered":"https:\/\/www.gullemig.se\/?post_type=product&#038;p=78651"},"modified":"2025-01-16T12:00:03","modified_gmt":"2025-01-16T12:00:03","slug":"valj-sjalv-dina-tyger-sangtubis","status":"publish","type":"product","link":"https:\/\/www.gullemig.se\/en\/product\/valj-sjalv-dina-tyger-sangtubis\/","title":{"rendered":"Choose your own fabrics - Bed tubes"},"content":{"rendered":"<!-- wpsso pinterest pin it image added on 2026-04-16T12:02:28+00:00 -->\n<div class=\"wpsso-pinterest-pin-it-image\" style=\"display:none !important;\">\n<\/div><!-- .wpsso-pinterest-pin-it-image -->\n\n<p><a name=\"kontakt\"><\/a> <strong>Yes please, contact me with free fabric suggestions via my email:<\/strong><\/p>\n\n<div class=\"wpcf7 no-js\" id=\"wpcf7-f7145-o1\" lang=\"en-US\" dir=\"ltr\" data-wpcf7-id=\"7145\">\n<div class=\"screen-reader-response\"><p role=\"status\" aria-live=\"polite\" aria-atomic=\"true\"><\/p> <ul><\/ul><\/div>\n<form action=\"\/en\/wp-json\/wp\/v2\/product\/78651#wpcf7-f7145-o1\" method=\"post\" class=\"wpcf7-form init\" aria-label=\"Contact form\" novalidate=\"novalidate\" data-status=\"init\" data-trp-original-action=\"\/en\/wp-json\/wp\/v2\/product\/78651#wpcf7-f7145-o1\">\n<div style=\"display: none;\">\n<input type=\"hidden\" name=\"_wpcf7\" value=\"7145\" \/>\n<input type=\"hidden\" name=\"_wpcf7_version\" value=\"6.0.4\" \/>\n<input type=\"hidden\" name=\"_wpcf7_locale\" value=\"en_US\" \/>\n<input type=\"hidden\" name=\"_wpcf7_unit_tag\" value=\"wpcf7-f7145-o1\" \/>\n<input type=\"hidden\" name=\"_wpcf7_container_post\" value=\"0\" \/>\n<input type=\"hidden\" name=\"_wpcf7_posted_data_hash\" value=\"\" \/>\n<\/div>\n<p>Your name (required)\n<\/p>\n<p><span class=\"wpcf7-form-control-wrap\" data-name=\"Namn\"><input size=\"40\" maxlength=\"400\" class=\"wpcf7-form-control wpcf7-text wpcf7-validates-as-required\" aria-required=\"true\" aria-invalid=\"false\" value=\"\" type=\"text\" name=\"Namn\" \/><\/span>\n<\/p>\n<p>Your email address (required)\n<\/p>\n<p><span class=\"wpcf7-form-control-wrap\" data-name=\"epost\"><input size=\"40\" maxlength=\"400\" class=\"wpcf7-form-control wpcf7-email wpcf7-validates-as-required wpcf7-text wpcf7-validates-as-email\" aria-required=\"true\" aria-invalid=\"false\" value=\"\" type=\"email\" name=\"epost\" \/><\/span>\n<\/p>\n<p>Message - Request color and animal (required)\n<\/p>\n<p><span class=\"wpcf7-form-control-wrap\" data-name=\"Meddelande\"><textarea cols=\"40\" rows=\"10\" maxlength=\"2000\" class=\"wpcf7-form-control wpcf7-textarea wpcf7-validates-as-required\" aria-required=\"true\" aria-invalid=\"false\" name=\"Meddelande\"><\/textarea><\/span>\n<\/p>\n<div class=\"cf7-cf-turnstile\" style=\"margin-top: 0px; margin-bottom: -15px;\"> <div id=\"cf-turnstile-cf7-3886233586\" class=\"cf-turnstile\" data-sitekey=\"0x4AAAAAAA1GcstOb35i0Ucw\" data-theme=\"light\" data-language=\"sv-se\" data-size=\"normal\" data-retry=\"auto\" data-retry-interval=\"1000\" data-action=\"contact-form-7\" data-appearance=\"always\"><\/div> <script>document.addEventListener(\"DOMContentLoaded\", function() { setTimeout(function(){ var e=document.getElementById(\"cf-turnstile-cf7-3886233586\"); e&&!e.innerHTML.trim()&&(turnstile.remove(\"#cf-turnstile-cf7-3886233586\"), turnstile.render(\"#cf-turnstile-cf7-3886233586\", {sitekey:\"0x4AAAAAAA1GcstOb35i0Ucw\"})); }, 0); });<\/script> <br class=\"cf-turnstile-br cf-turnstile-br-cf7-3886233586\"> <style>#cf-turnstile-cf7-3886233586 { margin-left: -15px; }<\/style> <script>document.addEventListener(\"DOMContentLoaded\",function(){document.querySelectorAll('.wpcf7-form').forEach(function(e){e.addEventListener('submit',function(){if(document.getElementById('cf-turnstile-cf7-3886233586')){setTimeout(function(){turnstile.reset('#cf-turnstile-cf7-3886233586');},1000)}})})});<\/script> <\/div>\n<p><input class=\"wpcf7-form-control wpcf7-submit has-spinner\" type=\"submit\" value=\"Send\" \/>\n<\/p><div class=\"wpcf7-response-output\" aria-hidden=\"true\"><\/div>\n<input type=\"hidden\" name=\"trp-form-language\" value=\"en\"\/><\/form>\n<\/div>\n\n<h2>Description - Bed tube<\/h2>\n<div class=\"woocommerce-product-details__short-description\">\n<p>The soft cotton tube becomes a safe interior in your child&#39;s bed and is perfect to have in the crib when you are going to change from a baby nest. The bed tube ensures that small arms and legs stay on the inside of the slats and makes the crib more snug and safe for small children.<\/p>\n<\/div>\n<h3><b>Size<\/b><\/h3>\n<p><em>About 3.6 m long and about 38 cm round<\/em>\u00a0- Reaches around the entire crib for a cozier and safer sleeping time for your child. Also works well in a growing bed.<br \/>\n<em>About 2.6 m and about 38 cm round<\/em> - Does not reach all the way around the crib but works well as protection against hard slats.<br \/>\n<em>Optional length<\/em> - Of course it is possible to order any length. Contact me for price suggestions.<\/p>\n<h3><strong>Print<\/strong><\/h3>\n<p>Make your bed tub more personal - choose to have your bed tub name, date of birth, date of baptism, etc. printed on it.<\/p>\n<h3><strong>Colors and patterns on fabric<\/strong><\/h3>\n<p>If you do not find the perfect bed tube that matches your wishes, you are welcome to contact me for fabric suggestions as there is a large selection of patterns and colors of fabric to choose from. If you already know what colors and types of patterns you want, you can make a note when ordering or fill in the form further down the page for free fabric suggestions, and I will contact you via email within two working days. If you want more inspiration, you can check it out <a href=\"https:\/\/www.instagram.com\/gullemig\/\">@Gullemig<\/a> on Instagram where I show all my products.<\/p>\n<h3><strong>Material<\/strong><\/h3>\n<p>All fabrics I use are pure oeko-tex certified cotton fabrics unless otherwise stated. To maintain its shape and function, my bed tubes are very well padded with 100% oeko-tex certified polyester, free from substances that are dangerous to skin and health. Any print is made of non-toxic textile vinyl.<\/p>\n<h3><strong>Washing instructions<\/strong><\/h3>\n<p><strong>Polyester stuffing:<\/strong><br \/>\nWash in washing machine at 30 degrees with low spin and dryer on low heat. It is also possible to hang dry at room temperature.<\/p>\n<h3><strong>Delivery time<\/strong><\/h3>\n<p>Ships within 2-6 business days.<\/p>","protected":false},"excerpt":{"rendered":"<p><strong>Choose your own fabrics!<br \/>\n<\/strong>There is something for everyone - I have a large selection of fabrics and I am happy to send you free fabric suggestions. If you already know what colors and types of patterns you want, you can make a note when ordering.<\/p>\n<p>If you want a free fabric proposal, you are welcome to fill in the form <a href=\"#kontakt\">here<\/a> I will contact you within two working days with suggestions for fabrics according to your wishes.<\/p>\n<p>Do you want more information about my sleeping tubes? See further down the page.<\/p>","protected":false},"featured_media":15214,"comment_status":"open","ping_status":"closed","template":"","meta":[],"product_brand":[],"product_cat":[288],"product_tag":[],"class_list":{"0":"post-78651","1":"product","2":"type-product","3":"status-publish","4":"has-post-thumbnail","6":"product_cat-sangtubis","8":"first","9":"instock","10":"taxable","11":"shipping-taxable","12":"purchasable","13":"product-type-variable","14":"has-default-attributes"},"yoast_head":"<!-- This site is optimized with the Yoast SEO plugin v15.1 - https:\/\/yoast.com\/wordpress\/plugins\/seo\/ -->\n<title>V\u00e4lj sj\u00e4lv dina tyger - S\u00e4ngtubis - gullemig<\/title>\n<meta name=\"robots\" content=\"index, follow, max-snippet:-1, max-image-preview:large, max-video-preview:-1\" \/>\n<link rel=\"canonical\" href=\"https:\/\/www.gullemig.se\/en\/product\/valj-sjalv-dina-tyger-sangtubis\/\" \/>\n<!-- \/ Yoast SEO plugin. -->","_links":{"self":[{"href":"https:\/\/www.gullemig.se\/en\/wp-json\/wp\/v2\/product\/78651","targetHints":{"allow":["GET"]}}],"collection":[{"href":"https:\/\/www.gullemig.se\/en\/wp-json\/wp\/v2\/product"}],"about":[{"href":"https:\/\/www.gullemig.se\/en\/wp-json\/wp\/v2\/types\/product"}],"replies":[{"embeddable":true,"href":"https:\/\/www.gullemig.se\/en\/wp-json\/wp\/v2\/comments?post=78651"}],"wp:featuredmedia":[{"embeddable":true,"href":"https:\/\/www.gullemig.se\/en\/wp-json\/wp\/v2\/media\/15214"}],"wp:attachment":[{"href":"https:\/\/www.gullemig.se\/en\/wp-json\/wp\/v2\/media?parent=78651"}],"wp:term":[{"taxonomy":"product_brand","embeddable":true,"href":"https:\/\/www.gullemig.se\/en\/wp-json\/wp\/v2\/product_brand?post=78651"},{"taxonomy":"product_cat","embeddable":true,"href":"https:\/\/www.gullemig.se\/en\/wp-json\/wp\/v2\/product_cat?post=78651"},{"taxonomy":"product_tag","embeddable":true,"href":"https:\/\/www.gullemig.se\/en\/wp-json\/wp\/v2\/product_tag?post=78651"}],"curies":[{"name":"wp","href":"https:\/\/api.w.org\/{rel}","templated":true}]}}