{"id":78035,"date":"2021-04-05T06:24:05","date_gmt":"2021-04-05T06:24:05","guid":{"rendered":"https:\/\/www.gullemig.se\/?post_type=product&#038;p=78035"},"modified":"2025-12-07T15:30:49","modified_gmt":"2025-12-07T15:30:49","slug":"tunnare-babywrap-ljusgra","status":"publish","type":"product","link":"https:\/\/www.gullemig.se\/en\/product\/tunnare-babywrap-ljusgra\/","title":{"rendered":"Thinner baby wrap - Light grey\/black ORGANIC cotton knitwear"},"content":{"rendered":"<!-- wpsso pinterest pin it image added on 2026-04-20T01:33:58+00:00 -->\n<div class=\"wpsso-pinterest-pin-it-image\" style=\"display:none !important;\">\n<\/div><!-- .wpsso-pinterest-pin-it-image -->\n\n<h1>Description \u2013 Thinner baby wrap \u2013 Beige \/ beige ORGANIC cotton jersey<\/h1>\n<p><strong>Size<br \/>\n<\/strong>Suitable for baby protection with 3- and 5-point belts.<\/p>\n<p><strong>Material<br \/>\n<\/strong>Made in knitted tricot on the outside and organic cotton tricot on the inside. Contains no harmful substances for skin and health.<\/p>\n<p><span title=\"Edited\"><span class=\"_5yl5\"><strong>Washing instructions<\/strong><br \/>\n<\/span><\/span><span title=\"Edited\"><span class=\"_5yl5\">Wash in a washing machine at 30 degrees and air dry, do not tumble dry.<br \/>\n<\/span><\/span><\/p>\n<p><span title=\"Edited\"><span class=\"_5yl5\"><strong>Delivery time<br \/>\n<\/strong>Ships within 2-4 business days.<br \/>\n<\/span><\/span><\/p>","protected":false},"excerpt":{"rendered":"<p><strong>Big seller!<\/strong> Babywrap is one of our most appreciated products.<br \/>\n&quot;One of my best purchases for the children&#39;s first time. Mine is still nice after being well used by two children.\u201d - Therese Wiksten<\/p>\n<p><img loading=\"lazy\" decoding=\"async\" class=\"alignnone wp-image-53362\" src=\"https:\/\/www.gullemig.se\/wp-content\/uploads\/2020\/02\/green-check.png\" alt=\"\" width=\"24\" height=\"24\" data-wp-pid=\"53362\" \/> With organic cotton jersey on the inside<br \/>\n<img loading=\"lazy\" decoding=\"async\" class=\"alignnone wp-image-53362\" src=\"https:\/\/www.gullemig.se\/wp-content\/uploads\/2020\/02\/green-check.png\" alt=\"\" width=\"24\" height=\"24\" data-wp-pid=\"53362\" \/> Fast delivery and free shipping over SEK 999<\/p>\n<p>According to recommendations, children should not ride in a car seat with thick clothes on - a baby wrap is then perfect to wrap your child in and you will avoid blankets falling to the ground. Simply attach the baby wrap to the baby cover or car seat and easily regulate the heat by opening the blanket. Our thinner version of the baby wrap is suitable all year round.<\/p>\n<p>For more information, see description below.<\/p>","protected":false},"featured_media":39555,"comment_status":"open","ping_status":"closed","template":"","meta":[],"product_brand":[],"product_cat":[232],"product_tag":[],"class_list":{"0":"post-78035","1":"product","2":"type-product","3":"status-publish","4":"has-post-thumbnail","6":"product_cat-babywrap","8":"first","9":"outofstock","10":"taxable","11":"shipping-taxable","12":"purchasable","13":"product-type-simple"},"yoast_head":"<!-- This site is optimized with the Yoast SEO plugin v15.1 - https:\/\/yoast.com\/wordpress\/plugins\/seo\/ -->\n<title>Babywrap gr\u00e5 - Handsydda babywrap fr\u00e5n Sverige<\/title>\n<meta name=\"description\" content=\"Svep in ditt barn i en mysig och varm filt n\u00e4r kylan sl\u00e5r till. S\u00e4tt enkelt fast babywrapen i babyskyddet, bilstolen eller barnvagnen och reglera enkelt v\u00e4rmen genom att \u00f6ppna upp filten.\" \/>\n<meta name=\"robots\" content=\"index, follow, max-snippet:-1, max-image-preview:large, max-video-preview:-1\" \/>\n<link rel=\"canonical\" href=\"https:\/\/www.gullemig.se\/en\/product\/tunnare-babywrap-ljusgra\/\" \/>\n<!-- \/ Yoast SEO plugin. -->","_links":{"self":[{"href":"https:\/\/www.gullemig.se\/en\/wp-json\/wp\/v2\/product\/78035","targetHints":{"allow":["GET"]}}],"collection":[{"href":"https:\/\/www.gullemig.se\/en\/wp-json\/wp\/v2\/product"}],"about":[{"href":"https:\/\/www.gullemig.se\/en\/wp-json\/wp\/v2\/types\/product"}],"replies":[{"embeddable":true,"href":"https:\/\/www.gullemig.se\/en\/wp-json\/wp\/v2\/comments?post=78035"}],"wp:featuredmedia":[{"embeddable":true,"href":"https:\/\/www.gullemig.se\/en\/wp-json\/wp\/v2\/media\/39555"}],"wp:attachment":[{"href":"https:\/\/www.gullemig.se\/en\/wp-json\/wp\/v2\/media?parent=78035"}],"wp:term":[{"taxonomy":"product_brand","embeddable":true,"href":"https:\/\/www.gullemig.se\/en\/wp-json\/wp\/v2\/product_brand?post=78035"},{"taxonomy":"product_cat","embeddable":true,"href":"https:\/\/www.gullemig.se\/en\/wp-json\/wp\/v2\/product_cat?post=78035"},{"taxonomy":"product_tag","embeddable":true,"href":"https:\/\/www.gullemig.se\/en\/wp-json\/wp\/v2\/product_tag?post=78035"}],"curies":[{"name":"wp","href":"https:\/\/api.w.org\/{rel}","templated":true}]}}