{"id":77256,"date":"2020-12-22T11:01:33","date_gmt":"2020-12-22T11:01:33","guid":{"rendered":"https:\/\/www.gullemig.se\/?post_type=product&#038;p=77256"},"modified":"2025-09-13T06:29:08","modified_gmt":"2025-09-13T06:29:08","slug":"babywrap-marinbla-morkgra-ekologisk-bomullsfleece","status":"publish","type":"product","link":"https:\/\/www.gullemig.se\/en\/product\/babywrap-marinbla-morkgra-ekologisk-bomullsfleece\/","title":{"rendered":"Baby Wrap - Navy blue \/ dark gray organic cotton fleece"},"content":{"rendered":"<!-- wpsso pinterest pin it image added on 2026-04-20T03:14:32+00:00 -->\n<div class=\"wpsso-pinterest-pin-it-image\" style=\"display:none !important;\">\n<\/div><!-- .wpsso-pinterest-pin-it-image -->\n\n<h1>Baby Wrap - Navy blue \/ dark gray organic cotton fleece<\/h1>\n<p><strong>Size<br \/>\n<\/strong>Suitable for baby protection with 3- and 5-point belts.<\/p>\n<p><strong>Material<br \/>\n<\/strong>Made of knitted tricot on the outside. 100% pure organic cotton fleece inside. All materials are oeko-tex certified and contain no harmful substances to skin and health.<\/p>\n<p><span title=\"Edited\"><span class=\"_5yl5\"><strong>Washing instructions<\/strong><br \/>\n<\/span><\/span><span title=\"Edited\"><span class=\"_5yl5\">Wash in a washing machine at 30 degrees and air dry, do not tumble dry.<br \/>\n<\/span><\/span><\/p>\n<p><span title=\"Edited\"><span class=\"_5yl5\"><strong>Delivery time<\/strong><br \/>\nShips within 2-5 working days.<br \/>\n<\/span><\/span><\/p>","protected":false},"excerpt":{"rendered":"<p><em><em>NEWS! Now with organic cotton fleece on the inside.<br \/>\n<\/em><\/em><\/p>\n<p><img loading=\"lazy\" decoding=\"async\" class=\"alignnone wp-image-53362\" src=\"https:\/\/www.gullemig.se\/wp-content\/uploads\/2020\/02\/green-check.png\" alt=\"\" width=\"24\" height=\"24\" data-wp-pid=\"53362\" \/> <span title=\"Edited\"><span class=\"_5yl5\">Ships within 2-5 working days<\/span><\/span><br \/>\n<img loading=\"lazy\" decoding=\"async\" class=\"alignnone wp-image-53362\" src=\"https:\/\/www.gullemig.se\/wp-content\/uploads\/2020\/02\/green-check.png\" alt=\"\" width=\"24\" height=\"24\" data-wp-pid=\"53362\" \/> Now with 100% pure organic cotton fleece on the inside<br \/>\n<img loading=\"lazy\" decoding=\"async\" class=\"alignnone wp-image-53362\" src=\"https:\/\/www.gullemig.se\/wp-content\/uploads\/2020\/02\/green-check.png\" alt=\"\" width=\"24\" height=\"24\" data-wp-pid=\"53362\" \/> Free shipping above 100 \u20ac<\/p>\n<p>According to recommendations, children should not go in a car seat with thick clothes on - a Baby Wrap is perfect to wrap your child warm and safe. A cozy blanket when the cold hits. With cotton fleece inside, you get a really warm and comfortable blanket that fits best during autumn, winter and spring. Simply attach the Baby Wrap to the baby seat or car seat and easily regulate the heat by opening up the blanket.<\/p>\n<p>For more information, see description below.<\/p>","protected":false},"featured_media":77264,"comment_status":"open","ping_status":"closed","template":"","meta":[],"product_brand":[],"product_cat":[232],"product_tag":[],"class_list":{"0":"post-77256","1":"product","2":"type-product","3":"status-publish","4":"has-post-thumbnail","6":"product_cat-babywrap","8":"first","9":"outofstock","10":"taxable","11":"shipping-taxable","12":"purchasable","13":"product-type-simple"},"yoast_head":"<!-- This site is optimized with the Yoast SEO plugin v15.1 - https:\/\/yoast.com\/wordpress\/plugins\/seo\/ -->\n<title>Babywrap gr\u00e5 - Handsydda babywrap fr\u00e5n Sverige<\/title>\n<meta name=\"description\" content=\"Svep in ditt barn i en mysig och varm filt n\u00e4r kylan sl\u00e5r till. S\u00e4tt enkelt fast babywrapen i babyskyddet, bilstolen eller barnvagnen och reglera enkelt v\u00e4rmen genom att \u00f6ppna upp filten.\" \/>\n<meta name=\"robots\" content=\"index, follow, max-snippet:-1, max-image-preview:large, max-video-preview:-1\" \/>\n<link rel=\"canonical\" href=\"https:\/\/www.gullemig.se\/en\/product\/babywrap-marinbla-morkgra-ekologisk-bomullsfleece\/\" \/>\n<!-- \/ Yoast SEO plugin. -->","_links":{"self":[{"href":"https:\/\/www.gullemig.se\/en\/wp-json\/wp\/v2\/product\/77256","targetHints":{"allow":["GET"]}}],"collection":[{"href":"https:\/\/www.gullemig.se\/en\/wp-json\/wp\/v2\/product"}],"about":[{"href":"https:\/\/www.gullemig.se\/en\/wp-json\/wp\/v2\/types\/product"}],"replies":[{"embeddable":true,"href":"https:\/\/www.gullemig.se\/en\/wp-json\/wp\/v2\/comments?post=77256"}],"wp:featuredmedia":[{"embeddable":true,"href":"https:\/\/www.gullemig.se\/en\/wp-json\/wp\/v2\/media\/77264"}],"wp:attachment":[{"href":"https:\/\/www.gullemig.se\/en\/wp-json\/wp\/v2\/media?parent=77256"}],"wp:term":[{"taxonomy":"product_brand","embeddable":true,"href":"https:\/\/www.gullemig.se\/en\/wp-json\/wp\/v2\/product_brand?post=77256"},{"taxonomy":"product_cat","embeddable":true,"href":"https:\/\/www.gullemig.se\/en\/wp-json\/wp\/v2\/product_cat?post=77256"},{"taxonomy":"product_tag","embeddable":true,"href":"https:\/\/www.gullemig.se\/en\/wp-json\/wp\/v2\/product_tag?post=77256"}],"curies":[{"name":"wp","href":"https:\/\/api.w.org\/{rel}","templated":true}]}}