{"id":76456,"date":"2020-11-12T19:06:49","date_gmt":"2020-11-12T19:06:49","guid":{"rendered":"https:\/\/www.gullemig.se\/?post_type=product&#038;p=76456"},"modified":"2026-04-13T10:45:25","modified_gmt":"2026-04-13T10:45:25","slug":"babynest-lucas","status":"publish","type":"product","link":"https:\/\/www.gullemig.se\/en\/product\/babynest-lucas\/","title":{"rendered":"Baby Nest - Lucas"},"content":{"rendered":"<!-- wpsso pinterest pin it image added on 2026-04-16T10:27:10+00:00 -->\n<div class=\"wpsso-pinterest-pin-it-image\" style=\"display:none !important;\">\n<\/div><!-- .wpsso-pinterest-pin-it-image -->\n\n<h2>Description \u2013 Babynest Lucas<\/h2>\n<p>As your baby grows, you can also adjust the size of the baby nest and thanks to the high and stable edges, the nest is still a good support when the baby gets a little bigger and starts to move.<\/p>\n<h3>Material \u2013 Babynest Lucas<\/h3>\n<p>Babynest Lucas is sewn in a beige cotton fabric with cute jungle animals on the outside and a white organic cotton fabric on the inside so that your child will have a soft and comfortable sleep.<\/p>\n<p>To maintain its shape and function, the edges of my baby nest are very well padded with 100% oeko-tex certified polyester, free from substances that are dangerous to skin and health. The mattress is also oeko-tex certified.<\/p>\n<h3>Washing instructions<\/h3>\n<p><strong>Polyester stuffing:<\/strong><br \/>\nMy baby nests can be washed in a washing machine at 40 degrees and with low spin. Take the mattress out of the baby nest and wash it separately. Make sure that the string that pulls the nest together is really stretched and then tie a bow so that the string does not disappear into the nest. Do not tumble dry.<\/p>\n<h3>Delivery time<\/h3>\n<p>Delivery time for all customized orders is about 4-6 weeks. Do you need your baby nest delivered earlier than that? Contact me at <a href=\"mailto:info@gullemig.se\"><\/a> then I will see if it is possible depending on the current order situation. Or click here to see which baby nest are available for direct delivery: <a href=\"https:\/\/www.gullemig.se\/en\/produkter\/barnrum\/babynest\/babynest-lagervara\/\">In stock babynest<\/a><\/p>\n<p>Do you want a different color or pattern? Get in touch <a href=\"mailto:info@gullemig.se\"><\/a> then I will help you with fabric suggestions.<\/p>\n<h3>Other information<\/h3>\n<p>For safety reasons, I do not sew handles on my baby nests. Always place your child&#39;s feet against the bow so that the child cannot reach the strings.<\/p>\n<p>For more babynests click here: <a href=\"https:\/\/www.gullemig.se\/en\/produkter\/babynest\/\">baby nest<\/a><\/p>\n<figure class=\"wp-block-pullquote\">\n<blockquote><p>Money well invested, both for the child&#39;s safety and comfort.<\/p>\n<p><cite>JOHAN HOLMGREN<\/cite><\/p><\/blockquote>\n<\/figure>\n<figure id=\"attachment_83913\" aria-describedby=\"caption-attachment-83913\" style=\"width: 222px\" class=\"wp-caption alignleft\"><a href=\"https:\/\/www.gullemig.se\/en\/varfor-babynest\/\"><img loading=\"lazy\" decoding=\"async\" class=\"wp-image-83913\" src=\"https:\/\/www.gullemig.se\/wp-content\/uploads\/2023\/06\/johanholmgren-1.jpg\" alt=\"Johan-Holmgren-TV4-s\u00f6mntips-babynest\" width=\"222\" height=\"299\" data-wp-pid=\"83913\" srcset=\"https:\/\/www.gullemig.se\/wp-content\/uploads\/2023\/06\/johanholmgren-1.jpg 423w, https:\/\/www.gullemig.se\/wp-content\/uploads\/2023\/06\/johanholmgren-1-104x140.jpg 104w, https:\/\/www.gullemig.se\/wp-content\/uploads\/2023\/06\/johanholmgren-1-9x12.jpg 9w, https:\/\/www.gullemig.se\/wp-content\/uploads\/2023\/06\/johanholmgren-1-111x150.jpg 111w\" sizes=\"auto, (max-width: 222px) 100vw, 222px\" \/><\/a><figcaption id=\"caption-attachment-83913\" class=\"wp-caption-text\">Johan Holmgren, children&#39;s nurse and known from TV4 Nyhetsmorgon, gives his tips for a safe sleeping environment, babynest<\/figcaption><\/figure>\n<p>&nbsp;<\/p>\n<h5><strong>Child specialist Johan Holmgren recommends babynest!<\/strong><\/h5>\n<p>For those of you who are expecting a child, it is natural to have many questions and concerns about sleep and the baby nest. We have had the privilege of interviewing the children&#39;s specialist Johan Holmgren, children&#39;s nurse and whom you may recognize from<a href=\"https:\/\/www.youtube.com\/watch?v=nXDXBogf33c\"> TV4 News morning<\/a>.<\/p>\n<p><a href=\"https:\/\/www.gullemig.se\/en\/varfor-babynest\/\">Read more about why babynest is a worthwhile investment here<\/a><\/p>\n<p>&nbsp;<\/p>\n<p>&nbsp;<\/p>","protected":false},"excerpt":{"rendered":"<p><img loading=\"lazy\" decoding=\"async\" class=\"alignnone wp-image-53362\" src=\"https:\/\/www.gullemig.se\/wp-content\/uploads\/2020\/02\/green-check.png\" alt=\"\" width=\"24\" height=\"24\" data-wp-pid=\"53362\" \/>\u00a0Extra high and stable edges for the child&#39;s safety<br \/>\n<img loading=\"lazy\" decoding=\"async\" class=\"alignnone wp-image-53362\" src=\"https:\/\/www.gullemig.se\/wp-content\/uploads\/2020\/02\/green-check.png\" alt=\"\" width=\"24\" height=\"24\" data-wp-pid=\"53362\" \/> Adjust the size of the baby nest as your child grows<br \/>\n<img loading=\"lazy\" decoding=\"async\" class=\"alignnone wp-image-53362\" src=\"https:\/\/www.gullemig.se\/wp-content\/uploads\/2020\/02\/green-check.png\" alt=\"\" width=\"24\" height=\"24\" data-wp-pid=\"53362\" \/> Vomit protection included<br \/>\n<img loading=\"lazy\" decoding=\"async\" class=\"alignnone wp-image-53362\" src=\"https:\/\/www.gullemig.se\/wp-content\/uploads\/2020\/02\/green-check.png\" alt=\"\" width=\"24\" height=\"24\" data-wp-pid=\"53362\" \/> Free shipping above 100 \u20ac<\/p>\n<p>In a baby nest, your baby sleeps safely and securely. I sew my babynest with a removable mattress for easier washing and make the edges extra wide and high so that your child does not roll out of it. A baby nest is also very important when sleeping together and the extra wide and high edges significantly minimize the risk of you rolling over your baby at night. They are sewn with a slightly lower edge at the head end so that the baby can regulate the heat better.<\/p>\n<p><strong>Bed surface:<\/strong> 30x60cm<\/p>\n<p><em>For more information, see further down the page.<\/em><\/p>","protected":false},"featured_media":76469,"comment_status":"closed","ping_status":"closed","template":"","meta":[],"product_brand":[],"product_cat":[274,198],"product_tag":[],"class_list":{"0":"post-76456","1":"product","2":"type-product","3":"status-publish","4":"has-post-thumbnail","6":"product_cat-babynest-bestallningsvara","7":"product_cat-babynest","9":"first","10":"outofstock","11":"taxable","12":"shipping-taxable","13":"purchasable","14":"product-type-variable"},"yoast_head":"<!-- This site is optimized with the Yoast SEO plugin v15.1 - https:\/\/yoast.com\/wordpress\/plugins\/seo\/ -->\n<title>Babynest med extra h\u00f6ga kanter - Handsydda babynest fr\u00e5n Sverige<\/title>\n<meta name=\"description\" content=\"I ett babynest sover ditt barn tryggt och s\u00e4kert sin f\u00f6rsta tid i livet. Jag syr mina babynest med uttagbar madrass f\u00f6r enklare tv\u00e4tt och g\u00f6r kanterna extra breda och h\u00f6ga f\u00f6r att ditt barn inte ska rulla ur det.\" \/>\n<meta name=\"robots\" content=\"index, follow, max-snippet:-1, max-image-preview:large, max-video-preview:-1\" \/>\n<link rel=\"canonical\" href=\"https:\/\/www.gullemig.se\/en\/product\/babynest-lucas\/\" \/>\n<!-- \/ Yoast SEO plugin. -->","_links":{"self":[{"href":"https:\/\/www.gullemig.se\/en\/wp-json\/wp\/v2\/product\/76456","targetHints":{"allow":["GET"]}}],"collection":[{"href":"https:\/\/www.gullemig.se\/en\/wp-json\/wp\/v2\/product"}],"about":[{"href":"https:\/\/www.gullemig.se\/en\/wp-json\/wp\/v2\/types\/product"}],"replies":[{"embeddable":true,"href":"https:\/\/www.gullemig.se\/en\/wp-json\/wp\/v2\/comments?post=76456"}],"wp:featuredmedia":[{"embeddable":true,"href":"https:\/\/www.gullemig.se\/en\/wp-json\/wp\/v2\/media\/76469"}],"wp:attachment":[{"href":"https:\/\/www.gullemig.se\/en\/wp-json\/wp\/v2\/media?parent=76456"}],"wp:term":[{"taxonomy":"product_brand","embeddable":true,"href":"https:\/\/www.gullemig.se\/en\/wp-json\/wp\/v2\/product_brand?post=76456"},{"taxonomy":"product_cat","embeddable":true,"href":"https:\/\/www.gullemig.se\/en\/wp-json\/wp\/v2\/product_cat?post=76456"},{"taxonomy":"product_tag","embeddable":true,"href":"https:\/\/www.gullemig.se\/en\/wp-json\/wp\/v2\/product_tag?post=76456"}],"curies":[{"name":"wp","href":"https:\/\/api.w.org\/{rel}","templated":true}]}}