{"id":76258,"date":"2020-10-22T14:38:04","date_gmt":"2020-10-22T14:38:04","guid":{"rendered":"https:\/\/www.gullemig.se\/?post_type=product&#038;p=76258"},"modified":"2023-06-11T17:15:48","modified_gmt":"2023-06-11T17:15:48","slug":"blojfodral-ljusgra-2","status":"publish","type":"product","link":"https:\/\/www.gullemig.se\/en\/product\/blojfodral-ljusgra-2\/","title":{"rendered":"Diaper case - Light gray"},"content":{"rendered":"<!-- wpsso pinterest pin it image added on 2026-04-16T08:33:02+00:00 -->\n<div class=\"wpsso-pinterest-pin-it-image\" style=\"display:none !important;\">\n<\/div><!-- .wpsso-pinterest-pin-it-image -->\n\n<h1>Description - Diaper case light gray<\/h1>\n<h3><strong>Size<\/strong><\/h3>\n<p>About 38x28cm<\/p>\n<h3><strong>Material<\/strong><\/h3>\n<p>Made of 100% cotton. Oeko-tex certified.<\/p>\n<h3><strong>Washing instructions<\/strong><\/h3>\n<p>Can be washed in a washing machine at up to 60 degrees. Do not tumble dry, hang dry or dry in a drying cabinet on low heat.<strong><br \/>\n<\/strong><\/p>\n<h3><strong>Delivery time<\/strong><\/h3>\n<p>Ships within 2-5 working days.<\/p>","protected":false},"excerpt":{"rendered":"<p><img loading=\"lazy\" decoding=\"async\" class=\"alignnone wp-image-53362\" src=\"https:\/\/www.gullemig.se\/wp-content\/uploads\/2020\/02\/green-check.png\" alt=\"\" width=\"24\" height=\"24\" data-wp-pid=\"53362\" \/> Get your diaper bag in order<br \/>\n<img loading=\"lazy\" decoding=\"async\" class=\"alignnone wp-image-53362\" src=\"https:\/\/www.gullemig.se\/wp-content\/uploads\/2020\/02\/green-check.png\" alt=\"\" width=\"24\" height=\"24\" data-wp-pid=\"53362\" \/> Space for several diapers and wet wipes<br \/>\n<img loading=\"lazy\" decoding=\"async\" class=\"alignnone wp-image-53362\" src=\"https:\/\/www.gullemig.se\/wp-content\/uploads\/2020\/02\/green-check.png\" alt=\"\" width=\"24\" height=\"24\" data-wp-pid=\"53362\" \/> TIP! Buy together with my plastic terrycloth protectors<br \/>\n<img loading=\"lazy\" decoding=\"async\" class=\"alignnone wp-image-53362\" src=\"https:\/\/www.gullemig.se\/wp-content\/uploads\/2020\/02\/green-check.png\" alt=\"\" width=\"24\" height=\"24\" data-wp-pid=\"53362\" \/> Free shipping above 100 \u20ac<\/p>\n<p>With a diaper case, you can easily keep order in the diaper bag. You can fit several diapers, terry cloth and wet wipes in the case and can easily take it out when you are on the go and the accident has occurred.<\/p>\n<p><em>Terry protection and diapers are not included in this product.<\/em><\/p>\n<p>For more information, see description below.<\/p>","protected":false},"featured_media":76243,"comment_status":"open","ping_status":"closed","template":"","meta":[],"product_brand":[],"product_cat":[280],"product_tag":[],"class_list":{"0":"post-76258","1":"product","2":"type-product","3":"status-publish","4":"has-post-thumbnail","6":"product_cat-blojfodral-skota","8":"first","9":"instock","10":"taxable","11":"shipping-taxable","12":"purchasable","13":"product-type-simple"},"yoast_head":"<!-- This site is optimized with the Yoast SEO plugin v15.1 - https:\/\/yoast.com\/wordpress\/plugins\/seo\/ -->\n<title>Bl\u00f6jfodral - Ljusgr\u00e5 - gullemig<\/title>\n<meta name=\"description\" content=\"Frott\u00e9skydd till sk\u00f6tb\u00e4dd som h\u00e5ller madrass och tyg fr\u00e4scht. Kan \u00e4ven anv\u00e4ndas i sk\u00f6tv\u00e4skan f\u00f6r ett trevligare bes\u00f6k p\u00e5 allm\u00e4nna sk\u00f6tbord, eller egentligen vart som helst.\" \/>\n<meta name=\"robots\" content=\"index, follow, max-snippet:-1, max-image-preview:large, max-video-preview:-1\" \/>\n<link rel=\"canonical\" href=\"https:\/\/www.gullemig.se\/en\/product\/blojfodral-ljusgra-2\/\" \/>\n<!-- \/ Yoast SEO plugin. -->","_links":{"self":[{"href":"https:\/\/www.gullemig.se\/en\/wp-json\/wp\/v2\/product\/76258","targetHints":{"allow":["GET"]}}],"collection":[{"href":"https:\/\/www.gullemig.se\/en\/wp-json\/wp\/v2\/product"}],"about":[{"href":"https:\/\/www.gullemig.se\/en\/wp-json\/wp\/v2\/types\/product"}],"replies":[{"embeddable":true,"href":"https:\/\/www.gullemig.se\/en\/wp-json\/wp\/v2\/comments?post=76258"}],"wp:featuredmedia":[{"embeddable":true,"href":"https:\/\/www.gullemig.se\/en\/wp-json\/wp\/v2\/media\/76243"}],"wp:attachment":[{"href":"https:\/\/www.gullemig.se\/en\/wp-json\/wp\/v2\/media?parent=76258"}],"wp:term":[{"taxonomy":"product_brand","embeddable":true,"href":"https:\/\/www.gullemig.se\/en\/wp-json\/wp\/v2\/product_brand?post=76258"},{"taxonomy":"product_cat","embeddable":true,"href":"https:\/\/www.gullemig.se\/en\/wp-json\/wp\/v2\/product_cat?post=76258"},{"taxonomy":"product_tag","embeddable":true,"href":"https:\/\/www.gullemig.se\/en\/wp-json\/wp\/v2\/product_tag?post=76258"}],"curies":[{"name":"wp","href":"https:\/\/api.w.org\/{rel}","templated":true}]}}