{"id":75278,"date":"2020-09-06T07:31:48","date_gmt":"2020-09-06T07:31:48","guid":{"rendered":"https:\/\/www.gullemig.se\/?post_type=product&#038;p=75278"},"modified":"2020-10-26T12:05:20","modified_gmt":"2020-10-26T12:05:20","slug":"babynest-elise-2","status":"publish","type":"product","link":"https:\/\/www.gullemig.se\/en\/product\/babynest-elise-2\/","title":{"rendered":"Babynest - Elise"},"content":{"rendered":"<!-- wpsso pinterest pin it image added on 2026-04-16T10:28:43+00:00 -->\n<div class=\"wpsso-pinterest-pin-it-image\" style=\"display:none !important;\">\n<\/div><!-- .wpsso-pinterest-pin-it-image -->\n\n<h2>Description - Offwhite baby nest Elise<\/h2>\n<h3>Material - Offwhite baby nest Elise<\/h3>\n<p>This baby nest uses an oeko-tex certified cotton fabric on both the outside and inside.<\/p>\n<p>To maintain its shape and function, the edges of this baby nest are padded with 100% oeko-tex certified polyester, free from substances that are dangerous to skin and health. The mattress is also oeko-tex certified.<\/p>\n<h3>Washing instructions<\/h3>\n<p><strong>Polyester stuffing:<\/strong><br \/>\nMy baby nests can be washed in a washing machine at 40 degrees and with low spin. Take the mattress out of the baby nest and wash it separately. Make sure that the string that pulls the nest together is really stretched and then tie a bow so that the string does not disappear into the nest. Do not tumble dry.<\/p>\n<h3>Delivery time<\/h3>\n<p>Ships within 2-5 working days.<\/p>\n<h3>Other information<\/h3>\n<p>For safety reasons, I do not sew handles on my baby nest. Always place your child's feet against the bow so that the child does not have access to the strings and lace stops.<\/p>\n<p>For more babynests click here: <a href=\"https:\/\/www.gullemig.se\/en\/produkter\/babynest\/\">baby nest<\/a><\/p>","protected":false},"excerpt":{"rendered":"<p><em>Available as stock in one copy and sent within 2-5 working days.<\/em><\/p>\n<p><img loading=\"lazy\" decoding=\"async\" class=\"alignnone wp-image-53362\" src=\"https:\/\/www.gullemig.se\/wp-content\/uploads\/2020\/02\/green-check.png\" alt=\"\" width=\"24\" height=\"24\" data-wp-pid=\"53362\" \/>\u00a0Extra high and stable edges for the child&#39;s safety<br \/>\n<img loading=\"lazy\" decoding=\"async\" class=\"alignnone wp-image-53362\" src=\"https:\/\/www.gullemig.se\/wp-content\/uploads\/2020\/02\/green-check.png\" alt=\"\" width=\"24\" height=\"24\" data-wp-pid=\"53362\" \/>\u00a0Easily adjust the size of the baby nest as your baby grows<br \/>\n<img loading=\"lazy\" decoding=\"async\" class=\"alignnone wp-image-53362\" src=\"https:\/\/www.gullemig.se\/wp-content\/uploads\/2020\/02\/green-check.png\" alt=\"\" width=\"24\" height=\"24\" data-wp-pid=\"53362\" \/> Free shipping above 100 \u20ac<\/p>\n<p>In a baby nest, your baby sleeps safely and securely. I sew my babynest with a removable mattress for easier washing and make the edges extra wide and high so that your child does not roll out of it. A baby nest is also very important when sleeping together and the extra wide and high edges significantly minimize the risk of you rolling over your baby at night. They are sewn with a slightly lower edge at the head end so that the baby can regulate the heat better.<\/p>\n<p>As your baby grows, you can also adjust the size of the baby nest and thanks to the high and stable edges, the nest is still a good support when the baby gets a little bigger and starts to move.<\/p>\n<p>Babynest Elise is sewn in a soft cotton fabric in the color off-white with eucalyptus on so that your child has a soft and comfortable sleep. <span class=\"_5yl5\">Bed area: 30x60cm<\/span><\/p>\n<p><span class=\"_5yl5\">The price includes a 2 cm thick mattress and a thin pillow that is also used as vomit protection.<br \/>\n<\/span><\/p>\n<p>For more information, see further down the page.<\/p>","protected":false},"featured_media":75216,"comment_status":"open","ping_status":"closed","template":"","meta":[],"product_brand":[],"product_cat":[202],"product_tag":[],"class_list":{"0":"post-75278","1":"product","2":"type-product","3":"status-publish","4":"has-post-thumbnail","6":"product_cat-ovrigt","8":"first","9":"outofstock","10":"sale","11":"taxable","12":"shipping-taxable","13":"purchasable","14":"product-type-simple"},"yoast_head":"<!-- This site is optimized with the Yoast SEO plugin v15.1 - https:\/\/yoast.com\/wordpress\/plugins\/seo\/ -->\n<title>Lantliga babynest &quot;Vera&quot; - Handsydda babynest fr\u00e5n Sverige<\/title>\n<meta name=\"description\" content=\"Lantliga babynest &quot;Vera&quot;. I ett babynest sover ditt barn tryggt och s\u00e4kert sin f\u00f6rsta tid i livet. Jag syr mina babynest med uttagbar madrass f\u00f6r enklare tv\u00e4tt och g\u00f6r kanterna extra breda och h\u00f6ga f\u00f6r att ditt barn inte ska rulla ur det.\" \/>\n<meta name=\"robots\" content=\"index, follow, max-snippet:-1, max-image-preview:large, max-video-preview:-1\" \/>\n<link rel=\"canonical\" href=\"https:\/\/www.gullemig.se\/en\/product\/babynest-elise-2\/\" \/>\n<!-- \/ Yoast SEO plugin. -->","_links":{"self":[{"href":"https:\/\/www.gullemig.se\/en\/wp-json\/wp\/v2\/product\/75278","targetHints":{"allow":["GET"]}}],"collection":[{"href":"https:\/\/www.gullemig.se\/en\/wp-json\/wp\/v2\/product"}],"about":[{"href":"https:\/\/www.gullemig.se\/en\/wp-json\/wp\/v2\/types\/product"}],"replies":[{"embeddable":true,"href":"https:\/\/www.gullemig.se\/en\/wp-json\/wp\/v2\/comments?post=75278"}],"wp:featuredmedia":[{"embeddable":true,"href":"https:\/\/www.gullemig.se\/en\/wp-json\/wp\/v2\/media\/75216"}],"wp:attachment":[{"href":"https:\/\/www.gullemig.se\/en\/wp-json\/wp\/v2\/media?parent=75278"}],"wp:term":[{"taxonomy":"product_brand","embeddable":true,"href":"https:\/\/www.gullemig.se\/en\/wp-json\/wp\/v2\/product_brand?post=75278"},{"taxonomy":"product_cat","embeddable":true,"href":"https:\/\/www.gullemig.se\/en\/wp-json\/wp\/v2\/product_cat?post=75278"},{"taxonomy":"product_tag","embeddable":true,"href":"https:\/\/www.gullemig.se\/en\/wp-json\/wp\/v2\/product_tag?post=75278"}],"curies":[{"name":"wp","href":"https:\/\/api.w.org\/{rel}","templated":true}]}}