{"id":63611,"date":"2020-05-02T08:59:24","date_gmt":"2020-05-02T08:59:24","guid":{"rendered":"https:\/\/www.gullemig.se\/?post_type=product&#038;p=63611"},"modified":"2021-02-15T10:08:52","modified_gmt":"2021-02-15T10:08:52","slug":"gardin-barnrum-juno","status":"publish","type":"product","link":"https:\/\/www.gullemig.se\/en\/product\/gardin-barnrum-juno\/","title":{"rendered":"Curtain for children&#39;s room - Juno"},"content":{"rendered":"<!-- wpsso pinterest pin it image added on 2026-04-20T09:54:42+00:00 -->\n<div class=\"wpsso-pinterest-pin-it-image\" style=\"display:none !important;\">\n<\/div><!-- .wpsso-pinterest-pin-it-image -->\n\n<h2>Description - Curtain for children&#39;s rooms - Juno<\/h2>\n<h3><strong>Size<\/strong><\/h3>\n<p>About 150 \u00d7 150 cm.<\/p>\n<h3><strong>Material<\/strong><\/h3>\n<p>All fabrics I use are pure cotton fabrics unless otherwise stated. 100% oeko-tex certified.<\/p>\n<h3>Washing instructions<\/h3>\n<p>40 degrees in washing machine. It is also good to tumble dry.<\/p>\n<h3>Delivery time<\/h3>\n<p>Ships within 5-10 business days.<\/p>","protected":false},"excerpt":{"rendered":"<p>Curtain pairs for the children&#39;s room to make it extra cozy and playful with lovely colors and patterns. Channel sewn for curtain rod. 100% pure cotton and always oeko-tex certified.<\/p>\n<p>For more information, see further down the page.<\/p>","protected":false},"featured_media":63612,"comment_status":"open","ping_status":"closed","template":"","meta":[],"product_brand":[],"product_cat":[262],"product_tag":[],"class_list":{"0":"post-63611","1":"product","2":"type-product","3":"status-publish","4":"has-post-thumbnail","6":"product_cat-gardin-barnrum","8":"first","9":"outofstock","10":"sold-individually","11":"taxable","12":"shipping-taxable","13":"purchasable","14":"product-type-simple"},"yoast_head":"<!-- This site is optimized with the Yoast SEO plugin v15.1 - https:\/\/yoast.com\/wordpress\/plugins\/seo\/ -->\n<title>Gardin till barnrum - Juno - gullemig<\/title>\n<meta name=\"description\" content=\"Gardiner till barnrummet f\u00f6r att g\u00f6ra det extra mysigt och lekfullt med h\u00e4rliga f\u00e4rger och m\u00f6nster. 100% ren bomull och alltid oeko-tex certifierade.\" \/>\n<meta name=\"robots\" content=\"index, follow, max-snippet:-1, max-image-preview:large, max-video-preview:-1\" \/>\n<link rel=\"canonical\" href=\"https:\/\/www.gullemig.se\/en\/product\/gardin-barnrum-juno\/\" \/>\n<!-- \/ Yoast SEO plugin. -->","_links":{"self":[{"href":"https:\/\/www.gullemig.se\/en\/wp-json\/wp\/v2\/product\/63611","targetHints":{"allow":["GET"]}}],"collection":[{"href":"https:\/\/www.gullemig.se\/en\/wp-json\/wp\/v2\/product"}],"about":[{"href":"https:\/\/www.gullemig.se\/en\/wp-json\/wp\/v2\/types\/product"}],"replies":[{"embeddable":true,"href":"https:\/\/www.gullemig.se\/en\/wp-json\/wp\/v2\/comments?post=63611"}],"wp:featuredmedia":[{"embeddable":true,"href":"https:\/\/www.gullemig.se\/en\/wp-json\/wp\/v2\/media\/63612"}],"wp:attachment":[{"href":"https:\/\/www.gullemig.se\/en\/wp-json\/wp\/v2\/media?parent=63611"}],"wp:term":[{"taxonomy":"product_brand","embeddable":true,"href":"https:\/\/www.gullemig.se\/en\/wp-json\/wp\/v2\/product_brand?post=63611"},{"taxonomy":"product_cat","embeddable":true,"href":"https:\/\/www.gullemig.se\/en\/wp-json\/wp\/v2\/product_cat?post=63611"},{"taxonomy":"product_tag","embeddable":true,"href":"https:\/\/www.gullemig.se\/en\/wp-json\/wp\/v2\/product_tag?post=63611"}],"curies":[{"name":"wp","href":"https:\/\/api.w.org\/{rel}","templated":true}]}}