{"id":61744,"date":"2020-04-01T18:18:23","date_gmt":"2020-04-01T18:18:23","guid":{"rendered":"https:\/\/www.gullemig.se\/?post_type=product&#038;p=61744"},"modified":"2022-04-21T17:50:47","modified_gmt":"2022-04-21T17:50:47","slug":"amningsskynke-2pack","status":"publish","type":"product","link":"https:\/\/www.gullemig.se\/en\/product\/amningsskynke-2pack\/","title":{"rendered":"Nursing blanket 2 pcs"},"content":{"rendered":"<!-- wpsso pinterest pin it image added on 2026-04-16T07:02:41+00:00 -->\n<div class=\"wpsso-pinterest-pin-it-image\" style=\"display:none !important;\">\n<\/div><!-- .wpsso-pinterest-pin-it-image -->\n\n<h2>Description - Nursing blanket 2pcs<\/h2>\n<h3><strong>Size<\/strong><\/h3>\n<p>About 50 \u00d7 50 cm.<\/p>\n<h3><strong>Material<\/strong><\/h3>\n<p>100% oeko-tex certified cotton mussel.<\/p>\n<h3>Washing instructions<\/h3>\n<p>Remove the curtain and wash it without squeezing. Washing machine 40 degrees, can also be tumble dried on normal heat.<\/p>\n<h3>Delivery time<\/h3>\n<p>Ships within 2-5 working days.<\/p>","protected":false},"excerpt":{"rendered":"<p>Not everyone is comfortable breastfeeding openly. With a nursing blanket, you get a little extra help when breastfeeding, both at home and in public places. Easily attach the blanket to your clothing to hide and shield the child who can more easily come to rest.<\/p>\n<p>You can also use it as a cloth to wipe the baby with and turn the blanket over on the shoulder when it is time for the baby to burp. The blanket is easily washed in a washing machine and can withstand many washes. The blanket takes up almost no space in the diaper bag and is easy to take with you wherever you go.<\/p>\n<p>The nursing blanket is sold in a 2-pack with a white and a light gray blanket with clips.<\/p>\n<p>For more information, see further down the page.<\/p>","protected":false},"featured_media":61753,"comment_status":"open","ping_status":"closed","template":"","meta":[],"product_brand":[],"product_cat":[261],"product_tag":[],"class_list":{"0":"post-61744","1":"product","2":"type-product","3":"status-publish","4":"has-post-thumbnail","6":"product_cat-amningsskynke","8":"first","9":"outofstock","10":"sold-individually","11":"taxable","12":"shipping-taxable","13":"purchasable","14":"product-type-simple"},"yoast_head":"<!-- This site is optimized with the Yoast SEO plugin v15.1 - https:\/\/yoast.com\/wordpress\/plugins\/seo\/ -->\n<title>Amningsskynke 2-pack - gullemig<\/title>\n<meta name=\"description\" content=\"Med Gullemig\u00b4s &quot;amningsskynke&quot; f\u00e5r du lite extra hj\u00e4lp vid amning, b\u00e5de hemma och p\u00e5 allm\u00e4nna platser. F\u00e4st enkelt skynket i ditt eget kl\u00e4desplagg f\u00f6r att d\u00f6lja och sk\u00e4rma av barnet som l\u00e4ttare kan komma till ro. Anv\u00e4nd den \u00e4ven som en trasa att torka av bebisen med och v\u00e4nd upp skynket p\u00e5 axeln n\u00e4r det \u00e4r dags f\u00f6r bebisen att rapa.\" \/>\n<meta name=\"robots\" content=\"index, follow, max-snippet:-1, max-image-preview:large, max-video-preview:-1\" \/>\n<link rel=\"canonical\" href=\"https:\/\/www.gullemig.se\/en\/product\/amningsskynke-2pack\/\" \/>\n<!-- \/ Yoast SEO plugin. -->","_links":{"self":[{"href":"https:\/\/www.gullemig.se\/en\/wp-json\/wp\/v2\/product\/61744","targetHints":{"allow":["GET"]}}],"collection":[{"href":"https:\/\/www.gullemig.se\/en\/wp-json\/wp\/v2\/product"}],"about":[{"href":"https:\/\/www.gullemig.se\/en\/wp-json\/wp\/v2\/types\/product"}],"replies":[{"embeddable":true,"href":"https:\/\/www.gullemig.se\/en\/wp-json\/wp\/v2\/comments?post=61744"}],"wp:featuredmedia":[{"embeddable":true,"href":"https:\/\/www.gullemig.se\/en\/wp-json\/wp\/v2\/media\/61753"}],"wp:attachment":[{"href":"https:\/\/www.gullemig.se\/en\/wp-json\/wp\/v2\/media?parent=61744"}],"wp:term":[{"taxonomy":"product_brand","embeddable":true,"href":"https:\/\/www.gullemig.se\/en\/wp-json\/wp\/v2\/product_brand?post=61744"},{"taxonomy":"product_cat","embeddable":true,"href":"https:\/\/www.gullemig.se\/en\/wp-json\/wp\/v2\/product_cat?post=61744"},{"taxonomy":"product_tag","embeddable":true,"href":"https:\/\/www.gullemig.se\/en\/wp-json\/wp\/v2\/product_tag?post=61744"}],"curies":[{"name":"wp","href":"https:\/\/api.w.org\/{rel}","templated":true}]}}