{"id":39357,"date":"2019-12-04T13:24:00","date_gmt":"2019-12-04T13:24:00","guid":{"rendered":"https:\/\/www.gullemig.se\/?post_type=product&#038;p=39357"},"modified":"2024-12-30T18:11:53","modified_gmt":"2024-12-30T18:11:53","slug":"tunnare-babywrap-morkgra-svart-ekologisk-bomullstrika","status":"publish","type":"product","link":"https:\/\/www.gullemig.se\/en\/product\/tunnare-babywrap-morkgra-svart-ekologisk-bomullstrika\/","title":{"rendered":"Thinner baby wrap - Dark grey\/black ORGANIC cotton knitwear"},"content":{"rendered":"<!-- wpsso pinterest pin it image added on 2026-04-20T08:32:48+00:00 -->\n<div class=\"wpsso-pinterest-pin-it-image\" style=\"display:none !important;\">\n<\/div><!-- .wpsso-pinterest-pin-it-image -->\n\n<h1>Description - Baby Wrap Dark gray<\/h1>\n<p><strong>Size<br \/>\n<\/strong>Suitable for baby protection with 3- and 5-point belts.<\/p>\n<p><strong>Material<br \/>\n<\/strong>Made of OEKO-tex certified knitted tricot on the outside and GOTS-certified organic cotton knitwear inside. All materials are free from harmful substances for your babys skin and health.<\/p>\n<p><span title=\"Edited\"><span class=\"_5yl5\"><strong>Washing instructions<\/strong><br \/>\n<\/span><\/span><span title=\"Edited\"><span class=\"_5yl5\">Wash in a washing machine at 30 degrees and air dry, do not tumble dry.<br \/>\n<\/span><\/span><\/p>\n<p><span title=\"Edited\"><span class=\"_5yl5\"><strong>Delivery time<\/strong><br \/>\nShips within 2-5 working days.<br \/>\n<\/span><\/span><\/p>","protected":false},"excerpt":{"rendered":"<p><img loading=\"lazy\" decoding=\"async\" class=\"alignnone wp-image-53362\" src=\"https:\/\/www.gullemig.se\/wp-content\/uploads\/2020\/02\/green-check.png\" alt=\"\" width=\"24\" height=\"24\" data-wp-pid=\"53362\" \/> Ships within 2-5 working days.<br \/>\n<img loading=\"lazy\" decoding=\"async\" class=\"alignnone wp-image-53362\" src=\"https:\/\/www.gullemig.se\/wp-content\/uploads\/2020\/02\/green-check.png\" alt=\"\" width=\"24\" height=\"24\" data-wp-pid=\"53362\" \/> Organic, GOTS-certified cotton knitwear<br \/>\n<img loading=\"lazy\" decoding=\"async\" class=\"alignnone wp-image-53362\" src=\"https:\/\/www.gullemig.se\/wp-content\/uploads\/2020\/02\/green-check.png\" alt=\"\" width=\"24\" height=\"24\" data-wp-pid=\"53362\" \/> Fast delivery and free shipping over SEK 999<\/p>\n<p>According to recommendations, children should not go in a car seat with thick clothes on - a Baby Wrap is perfect to keep your child warm and safe. If you choose a thinner baby wrap with cotton knitwear, you get a slightly cooler blanket that can be used all year round. Simply attach the Baby Wrap to the baby seat or car seat and easily regulate the heat by opening up the blanket.<\/p>\n<p>For more information, see description below.<\/p>","protected":false},"featured_media":39552,"comment_status":"open","ping_status":"closed","template":"","meta":[],"product_brand":[],"product_cat":[232],"product_tag":[],"class_list":{"0":"post-39357","1":"product","2":"type-product","3":"status-publish","4":"has-post-thumbnail","6":"product_cat-babywrap","8":"first","9":"outofstock","10":"taxable","11":"shipping-taxable","12":"purchasable","13":"product-type-simple"},"yoast_head":"<!-- This site is optimized with the Yoast SEO plugin v15.1 - https:\/\/yoast.com\/wordpress\/plugins\/seo\/ -->\n<title>Babywrap gr\u00e5 - Handsydda babywrap fr\u00e5n Sverige<\/title>\n<meta name=\"description\" content=\"Svep in ditt barn i en mysig och varm filt n\u00e4r kylan sl\u00e5r till. S\u00e4tt enkelt fast babywrapen i babyskyddet, bilstolen eller barnvagnen och reglera enkelt v\u00e4rmen genom att \u00f6ppna upp filten.\" \/>\n<meta name=\"robots\" content=\"index, follow, max-snippet:-1, max-image-preview:large, max-video-preview:-1\" \/>\n<link rel=\"canonical\" href=\"https:\/\/www.gullemig.se\/en\/product\/tunnare-babywrap-morkgra-svart-ekologisk-bomullstrika\/\" \/>\n<!-- \/ Yoast SEO plugin. -->","_links":{"self":[{"href":"https:\/\/www.gullemig.se\/en\/wp-json\/wp\/v2\/product\/39357","targetHints":{"allow":["GET"]}}],"collection":[{"href":"https:\/\/www.gullemig.se\/en\/wp-json\/wp\/v2\/product"}],"about":[{"href":"https:\/\/www.gullemig.se\/en\/wp-json\/wp\/v2\/types\/product"}],"replies":[{"embeddable":true,"href":"https:\/\/www.gullemig.se\/en\/wp-json\/wp\/v2\/comments?post=39357"}],"wp:featuredmedia":[{"embeddable":true,"href":"https:\/\/www.gullemig.se\/en\/wp-json\/wp\/v2\/media\/39552"}],"wp:attachment":[{"href":"https:\/\/www.gullemig.se\/en\/wp-json\/wp\/v2\/media?parent=39357"}],"wp:term":[{"taxonomy":"product_brand","embeddable":true,"href":"https:\/\/www.gullemig.se\/en\/wp-json\/wp\/v2\/product_brand?post=39357"},{"taxonomy":"product_cat","embeddable":true,"href":"https:\/\/www.gullemig.se\/en\/wp-json\/wp\/v2\/product_cat?post=39357"},{"taxonomy":"product_tag","embeddable":true,"href":"https:\/\/www.gullemig.se\/en\/wp-json\/wp\/v2\/product_tag?post=39357"}],"curies":[{"name":"wp","href":"https:\/\/api.w.org\/{rel}","templated":true}]}}