{"id":6322,"date":"2018-02-22T22:50:55","date_gmt":"2018-02-22T22:50:55","guid":{"rendered":"https:\/\/www.gullemig.se\/cookie-policy\/"},"modified":"2018-02-28T11:18:00","modified_gmt":"2018-02-28T11:18:00","slug":"cookies","status":"publish","type":"page","link":"https:\/\/www.gullemig.se\/en\/cookies\/","title":{"rendered":"Cookies"},"content":{"rendered":"<!-- wpsso pinterest pin it image added on 2026-04-20T20:22:32+00:00 -->\n<div class=\"wpsso-pinterest-pin-it-image\" style=\"display:none !important;\">\n<\/div><!-- .wpsso-pinterest-pin-it-image -->\n\n<p>[vc_row][vc_column][vc_column_text]<\/p>\n<h3>About cookies<\/h3>\n<p>When you use our website, we store so-called cookies on your computer. This stores information about your use of our website, which pages in our domain are visited and whether you clicked on our website from another website. This is done to improve the user experience for you as a visitor, as well as to adapt targeted communication to you as a visitor to other websites. Information stored can be technical information about your device, browser version and IP address. Cookies do not contain information such as name, social security number and e-mail address.<\/p>\n<p>If you do not want cookies to be stored in connection with your visit to our website, you can change it in the settings of your browser so that it does not allow cookies.[\/vc_column_text][\/vc_column][\/vc_row]<\/p>","protected":false},"excerpt":{"rendered":"<p>[vc_row][vc_column][vc_column_text] Om cookies (webbkakor) N\u00e4r du anv\u00e4nder v\u00e5r webbplats lagrar vi s\u00e5 kallade cookies p\u00e5 din dator. D\u00e5 lagras information om din anv\u00e4ndning av v\u00e5r webbplats, om vilka sidor i v\u00e5r dom\u00e4n som bes\u00f6ks samt om du klickat dig in p\u00e5 v\u00e5r webbplats fr\u00e5n en annan webbplats. Detta g\u00f6rs f\u00f6r att f\u00f6rb\u00e4ttra anv\u00e4ndarupplevelsen f\u00f6r dig [&hellip;]<\/p>","protected":false},"author":1,"featured_media":0,"parent":0,"menu_order":0,"comment_status":"closed","ping_status":"closed","template":"","meta":{"footnotes":""},"class_list":["post-6322","page","type-page","status-publish","hentry"],"yoast_head":"<!-- This site is optimized with the Yoast SEO plugin v15.1 - https:\/\/yoast.com\/wordpress\/plugins\/seo\/ -->\n<title>Cookies - gullemig<\/title>\n<meta name=\"robots\" content=\"index, follow, max-snippet:-1, max-image-preview:large, max-video-preview:-1\" \/>\n<link rel=\"canonical\" href=\"https:\/\/www.gullemig.se\/en\/cookies\/\" \/>\n<!-- \/ Yoast SEO plugin. -->","_links":{"self":[{"href":"https:\/\/www.gullemig.se\/en\/wp-json\/wp\/v2\/pages\/6322","targetHints":{"allow":["GET"]}}],"collection":[{"href":"https:\/\/www.gullemig.se\/en\/wp-json\/wp\/v2\/pages"}],"about":[{"href":"https:\/\/www.gullemig.se\/en\/wp-json\/wp\/v2\/types\/page"}],"author":[{"embeddable":true,"href":"https:\/\/www.gullemig.se\/en\/wp-json\/wp\/v2\/users\/1"}],"replies":[{"embeddable":true,"href":"https:\/\/www.gullemig.se\/en\/wp-json\/wp\/v2\/comments?post=6322"}],"version-history":[{"count":4,"href":"https:\/\/www.gullemig.se\/en\/wp-json\/wp\/v2\/pages\/6322\/revisions"}],"predecessor-version":[{"id":6344,"href":"https:\/\/www.gullemig.se\/en\/wp-json\/wp\/v2\/pages\/6322\/revisions\/6344"}],"wp:attachment":[{"href":"https:\/\/www.gullemig.se\/en\/wp-json\/wp\/v2\/media?parent=6322"}],"curies":[{"name":"wp","href":"https:\/\/api.w.org\/{rel}","templated":true}]}}