{"id":4376,"date":"2016-04-19T16:16:52","date_gmt":"2016-04-19T16:16:52","guid":{"rendered":"http:\/\/192.168.1.236:8888\/gecko\/?page_id=4376"},"modified":"2024-07-22T19:43:26","modified_gmt":"2024-07-22T19:43:26","slug":"frakt","status":"publish","type":"page","link":"https:\/\/www.gullemig.se\/en\/frakt\/","title":{"rendered":"Shipping &amp; delivery"},"content":{"rendered":"<!-- wpsso pinterest pin it image added on 2026-04-20T23:36:53+00:00 -->\n<div class=\"wpsso-pinterest-pin-it-image\" style=\"display:none !important;\">\n<\/div><!-- .wpsso-pinterest-pin-it-image -->\n\n<p>[vc_row css=&#8221;.vc_custom_1461082826336{margin-bottom: 60px !important;}&#8221;][vc_column][vc_column_text]<\/p>\n<h3>Shipping costs<\/h3>\n<div class=\"shipping-delivery\">Order value up to SEK 999 = SEK 59 shipping<br \/>\nOrder value over SEK 999 = FREE SHIPPING<\/div>\n<div class=\"shipping-delivery\"><br \/>\n<strong><br \/>\nCountries<\/strong><br \/>\nWe ship worldwide! <a href=\"mailto:info@gullemig.se\"><\/a><\/p>\n<h3>Delivery time<\/h3>\n<div>\n<p>Stock items are sent within 1-5 working days.<\/p>\n<\/div>\n<div>\n<p>Delivery time for customized products:<br \/>\nSleeping animals - about 2-4 weeks<br \/>\nBabynest - about 4-6 weeks<br \/>\nOther products - about 2-3 weeks<\/p>\n<p>Note that orders outside EU has a longer delivery time! \n\nWhen ordering several items, they are co-shipped and the delivery time will be the same as the product with the longest delivery time.<\/p>\n<p>Do you need your products before a specific date? Contact me at <a href=\"mailto:info@gullemig.se\"><\/a> so I can see if it is possible depending on the current order status.<\/p>\n<\/div>\n<\/div>\n<p>[\/ vc_column_text] [\/ vc_column] [\/ vc_row]<\/p>","protected":false},"excerpt":{"rendered":"<p>[vc_row css=&#8221;.vc_custom_1461082826336{margin-bottom: 60px !important;}&#8221;][vc_column][vc_column_text] Fraktkostnader Orderv\u00e4rde upp till 999 kr = 59 kr frakt Orderv\u00e4rde \u00f6ver 999 kr = FRI FRAKT Avh\u00e4mtning Gotlandsgatan 66, 116 65 Stockholm = Kostnadsfritt Frakt Norge\/Danmark Vill du best\u00e4lla till Norge, Danmark eller annat land? H\u00f6r av dig! info@gullemig.se Leveranstid Lagervaror skickas inom 1-5 arbetsdagar. Leveranstid best\u00e4llningsvaror: Sovdjur &#8211; ca [&hellip;]<\/p>","protected":false},"author":1,"featured_media":4986,"parent":0,"menu_order":0,"comment_status":"closed","ping_status":"closed","template":"","meta":{"footnotes":""},"class_list":["post-4376","page","type-page","status-publish","has-post-thumbnail","hentry"],"yoast_head":"<!-- This site is optimized with the Yoast SEO plugin v15.1 - https:\/\/yoast.com\/wordpress\/plugins\/seo\/ -->\n<title>Frakt &amp; leverans - gullemig<\/title>\n<meta name=\"robots\" content=\"index, follow, max-snippet:-1, max-image-preview:large, max-video-preview:-1\" \/>\n<link rel=\"canonical\" href=\"https:\/\/www.gullemig.se\/en\/frakt\/\" \/>\n<!-- \/ Yoast SEO plugin. -->","_links":{"self":[{"href":"https:\/\/www.gullemig.se\/en\/wp-json\/wp\/v2\/pages\/4376","targetHints":{"allow":["GET"]}}],"collection":[{"href":"https:\/\/www.gullemig.se\/en\/wp-json\/wp\/v2\/pages"}],"about":[{"href":"https:\/\/www.gullemig.se\/en\/wp-json\/wp\/v2\/types\/page"}],"author":[{"embeddable":true,"href":"https:\/\/www.gullemig.se\/en\/wp-json\/wp\/v2\/users\/1"}],"replies":[{"embeddable":true,"href":"https:\/\/www.gullemig.se\/en\/wp-json\/wp\/v2\/comments?post=4376"}],"version-history":[{"count":29,"href":"https:\/\/www.gullemig.se\/en\/wp-json\/wp\/v2\/pages\/4376\/revisions"}],"predecessor-version":[{"id":85669,"href":"https:\/\/www.gullemig.se\/en\/wp-json\/wp\/v2\/pages\/4376\/revisions\/85669"}],"wp:featuredmedia":[{"embeddable":true,"href":"https:\/\/www.gullemig.se\/en\/wp-json\/wp\/v2\/media\/4986"}],"wp:attachment":[{"href":"https:\/\/www.gullemig.se\/en\/wp-json\/wp\/v2\/media?parent=4376"}],"curies":[{"name":"wp","href":"https:\/\/api.w.org\/{rel}","templated":true}]}}