{"id":3928,"date":"2016-04-03T19:02:18","date_gmt":"2016-04-03T19:02:18","guid":{"rendered":"http:\/\/janstudio.net\/gecko\/?page_id=3928"},"modified":"2024-07-22T19:45:12","modified_gmt":"2024-07-22T19:45:12","slug":"allmanna-villkor","status":"publish","type":"page","link":"https:\/\/www.gullemig.se\/en\/allmanna-villkor\/","title":{"rendered":"Terms and Conditions"},"content":{"rendered":"<!-- wpsso pinterest pin it image added on 2026-04-22T10:30:57+00:00 -->\n<div class=\"wpsso-pinterest-pin-it-image\" style=\"display:none !important;\">\n<\/div><!-- .wpsso-pinterest-pin-it-image -->\n\n<p>[vc_row css=&#8221;.vc_custom_1461496273975{margin-bottom: 60px !important;padding-top: 0px !important;}&#8221;][vc_column][vc_column_text]<\/p>\n<div class=\"terms\">\n<p>By using gullemig.se and \/ or placing an order, you agree to abide by the general terms and conditions below.<\/p>\n<h3>Prices and fees<\/h3>\n<p>The prices stated are including VAT, and excluding the shipping cost.<\/p>\n<p><strong>Shipping costs<\/strong><br \/>\nOrder value up to SEK 999 = SEK 59 shipping<br \/>\nOrder value over SEK 999 = FREE SHIPPING<\/p>\n<h3>2. Delivery<\/h3>\n<p>Stock items (marked with &quot;fast delivery&quot;) are sent within 1-5 working days.<\/p>\n<p>Delivery time for customized products:<br \/>\nSleepy animals - about 4-6 weeks<br \/>\nBabynest - about 4-6 weeks<br \/>\nAll other products - about 2-3 weeks<br \/>\nPlease note that there may be a slightly longer delivery when ordering July-August<\/p>\n<p>Note that orders outside EU has a longer delivery time! \n\nWhen ordering several items, they are co-shipped and the delivery time will be the same as the product with the longest delivery time.<\/p>\n<p>Although we strive to deliver within the announced time frame, delivery may take longer due to unexpected events.<\/p>\n<h3>3. Return policy<\/h3>\n<p>You can cancel or return an order of <strong>in-stock products<\/strong> (marked with &quot;fast delivery&quot; and without ordering name \/ date printing) from the day you place your order until 14 days after receipt of your ordered goods. If you have been charged for the goods, you will receive a refund on the product but not for the return shipping that you are responsible for. On <strong>customized products<\/strong> where you have decided the fabric \/ shape, there is no right of return.<\/p>\n<p>If you want to cancel your purchase or return your order, please let us know by emailing <a href=\"mailto:info@gullemig.se\"><\/a>. The email must be received by us within the 14-day period specified in the section &quot;Right of withdrawal&quot; above. You then have another 14 days to return the goods in accordance with the section &quot;Returns&quot; below. We will make a refund, preferably with the same payment method that you used at the time of ordering as soon as possible, but no later than within 14 days after we have received your notice of regret of the purchase provided we have received the goods back or proof that you have sent the goods back. Another form of payment may be used for the refund, provided that you approve such a change. Under no circumstances will this incur any additional costs for you.<\/p>\n<p>If you have received an incorrect item, you must immediately notify Gullemig of this and return the item in accordance with the section &quot;Returns&quot; below. For goods that we deem to be incorrect, Gullemig makes a full refund.<\/p>\n<p>For unclaimed packages at agents, you pay both the round-trip and return costs that arise, and this is corrected against your order at Klarna.<\/p>\n<h3>4. Returns<\/h3>\n<p>Gullemig guarantees a full refund or, if you prefer, replacement for <strong>stock items<\/strong>\u00a0in accordance with the section \"Right of withdrawal\", provided that all goods are returned in the same condition as they were in the delivery to you. This means that the goods must not have been damaged, soiled, washed or altered. In the event of a return, you as the buyer are responsible for the shipping cost for the returned product. There is no right of return <strong>customized products<\/strong>.<\/p>\n<h3>5. Colors and shape<\/h3>\n<p>We strive to show the properties of our products in the most accurate way possible, including composition, shape and colors. However, the color you see on gullemig.se depends on your computer screen, and we can not guarantee that your screen can visually reproduce colors correctly.<\/p>\n<h3>6. Warranty<\/h3>\n<p>If the products you have purchased are defective, Gullemig applies current consumer legislation. If you are not satisfied with your products due to obvious material or manufacturing defects, including damage that has occurred during transport - inform us as soon as possible by email <a href=\"mailto:info@gullemig.se\"><\/a>.<\/p>\n<h3>7. Company information<\/h3>\n<p>Gullemig is registered in Stockholm.<br \/>\nGullemig AB<br \/>\nPostal address: Gotlandsgatan 66, 116 65, Stockholm, Sweden<br \/>\nOrg.nr: 556940-4790<br \/>\nVAT registration number: SE556940479001<\/p>\n<p>E-mail: info@gullemig.se <a href=\"mailto:info@gullemig.se\"><\/a><\/p>\n<\/div>\n<p>[\/ vc_column_text] [\/ vc_column] [\/ vc_row]<\/p>","protected":false},"excerpt":{"rendered":"<p>[vc_row css=&#8221;.vc_custom_1461496273975{margin-bottom: 60px !important;padding-top: 0px !important;}&#8221;][vc_column][vc_column_text] Genom att anv\u00e4nda gullemig.se och\/eller genomf\u00f6ra en best\u00e4llning, godk\u00e4nner du att f\u00f6lja de allm\u00e4nna villkoren nedan. 1. Priser och avgifter De priser som anges \u00e4r inklusive moms, och exklusive fraktkostnaden. Fraktkostnader Orderv\u00e4rde upp till 999 kr = 59 kr frakt Orderv\u00e4rde \u00f6ver 999 kr = FRI FRAKT 2. Leverans [&hellip;]<\/p>","protected":false},"author":1,"featured_media":4986,"parent":0,"menu_order":0,"comment_status":"closed","ping_status":"closed","template":"","meta":{"footnotes":""},"class_list":["post-3928","page","type-page","status-publish","has-post-thumbnail","hentry"],"yoast_head":"<!-- This site is optimized with the Yoast SEO plugin v15.1 - https:\/\/yoast.com\/wordpress\/plugins\/seo\/ -->\n<title>Allm\u00e4nna villkor - gullemig<\/title>\n<meta name=\"robots\" content=\"index, follow, max-snippet:-1, max-image-preview:large, max-video-preview:-1\" \/>\n<link rel=\"canonical\" href=\"https:\/\/www.gullemig.se\/en\/allmanna-villkor\/\" \/>\n<!-- \/ Yoast SEO plugin. -->","_links":{"self":[{"href":"https:\/\/www.gullemig.se\/en\/wp-json\/wp\/v2\/pages\/3928","targetHints":{"allow":["GET"]}}],"collection":[{"href":"https:\/\/www.gullemig.se\/en\/wp-json\/wp\/v2\/pages"}],"about":[{"href":"https:\/\/www.gullemig.se\/en\/wp-json\/wp\/v2\/types\/page"}],"author":[{"embeddable":true,"href":"https:\/\/www.gullemig.se\/en\/wp-json\/wp\/v2\/users\/1"}],"replies":[{"embeddable":true,"href":"https:\/\/www.gullemig.se\/en\/wp-json\/wp\/v2\/comments?post=3928"}],"version-history":[{"count":23,"href":"https:\/\/www.gullemig.se\/en\/wp-json\/wp\/v2\/pages\/3928\/revisions"}],"predecessor-version":[{"id":85670,"href":"https:\/\/www.gullemig.se\/en\/wp-json\/wp\/v2\/pages\/3928\/revisions\/85670"}],"wp:featuredmedia":[{"embeddable":true,"href":"https:\/\/www.gullemig.se\/en\/wp-json\/wp\/v2\/media\/4986"}],"wp:attachment":[{"href":"https:\/\/www.gullemig.se\/en\/wp-json\/wp\/v2\/media?parent=3928"}],"curies":[{"name":"wp","href":"https:\/\/api.w.org\/{rel}","templated":true}]}}