{"id":3907,"date":"2016-04-03T18:10:14","date_gmt":"2016-04-03T18:10:14","guid":{"rendered":"http:\/\/janstudio.net\/gecko\/?page_id=3907"},"modified":"2024-12-02T10:32:22","modified_gmt":"2024-12-02T10:32:22","slug":"faq","status":"publish","type":"page","link":"https:\/\/www.gullemig.se\/en\/faq\/","title":{"rendered":"FAQ"},"content":{"rendered":"<!-- wpsso pinterest pin it image added on 2026-04-22T10:25:09+00:00 -->\n<div class=\"wpsso-pinterest-pin-it-image\" style=\"display:none !important;\">\n<\/div><!-- .wpsso-pinterest-pin-it-image -->\n\n<p>[vc_row][vc_column][vc_column_text css=&#8221;.vc_custom_1733135540633{margin-top: 0px !important;margin-bottom: 60px !important;}&#8221;]<\/p>\n<div class=\"faqs\">\n<h3>SHIPPING AND DELIVERY<\/h3>\n<h4>HOW LONG DOES IT TAKE TO GET MY PRODUCTS?<\/h4>\n<div>\n<p>Stock items are sent within 1-5 working days.<\/p>\n<\/div>\n<div>\n<p>Delivery time for customized products:<br \/>\nSleeping animals - about 2-4 weeks<br \/>\nBabynest - about 4-6 weeks<br \/>\nOther products - about 2-3 weeks<\/p>\n<\/div>\n<p>Note that orders outside EU has a longer delivery time! \n\nWhen ordering several items, they are co-shipped and the delivery time will be the same as the product with the longest delivery time.<\/p>\n<h4>THE PRODUCT IS A GIFT AND I NEED TO RECEIVE IT BEFORE A SPECIFIC DATE, IS THIS POSSIBLE?<\/h4>\n<p>Contact me at <a href=\"mailto:info@gullemig.se\"><\/a> so I can see if it is possible depending on the current order status.<\/p>\n<h4>WHAT ARE THE SHIPPING COSTS?<\/h4>\n<div class=\"shipping-delivery\">Order value up to SEK 999 = SEK 59 shipping<br \/>\nOrder value over SEK 999 = FREE SHIPPING<\/div>\n<div class=\"shipping-delivery\"><\/div>\n<h4>I HAVE A QUESTION ABOUT MY ORDER!<\/h4>\n<p>Send me an e-mail at: <a href=\"mailto:info@gullemig.se\"><\/a> and I will help you.<\/p>\n<\/div>\n<p>[\/ vc_column_text] [\/ vc_column] [\/ vc_row]<\/p>","protected":false},"excerpt":{"rendered":"<p>[vc_row][vc_column][vc_column_text css=&#8221;.vc_custom_1733135540633{margin-top: 0px !important;margin-bottom: 60px !important;}&#8221;] FRAKT OCH LEVERANS HUR L\u00c5NG TID TAR DET ATT F\u00c5 MINA VAROR? Lagervaror skickas inom 1-5 arbetsdagar. Leveranstid best\u00e4llningsvaror: Sovdjur \u2013 ca 2-4 veckor Babynest \u2013 ca 4-6 veckor \u00d6vriga produkter \u2013 ca 2-3 veckor Vid best\u00e4llning av flera varor samfraktas dessa och leveranstiden blir densamma som den produkt [&hellip;]<\/p>","protected":false},"author":1,"featured_media":0,"parent":0,"menu_order":0,"comment_status":"closed","ping_status":"closed","template":"","meta":{"footnotes":""},"class_list":["post-3907","page","type-page","status-publish","hentry"],"yoast_head":"<!-- This site is optimized with the Yoast SEO plugin v15.1 - https:\/\/yoast.com\/wordpress\/plugins\/seo\/ -->\n<title>Vanliga fr\u00e5gor - gullemig<\/title>\n<meta name=\"robots\" content=\"index, follow, max-snippet:-1, max-image-preview:large, max-video-preview:-1\" \/>\n<link rel=\"canonical\" href=\"https:\/\/www.gullemig.se\/en\/faq\/\" \/>\n<!-- \/ Yoast SEO plugin. -->","_links":{"self":[{"href":"https:\/\/www.gullemig.se\/en\/wp-json\/wp\/v2\/pages\/3907","targetHints":{"allow":["GET"]}}],"collection":[{"href":"https:\/\/www.gullemig.se\/en\/wp-json\/wp\/v2\/pages"}],"about":[{"href":"https:\/\/www.gullemig.se\/en\/wp-json\/wp\/v2\/types\/page"}],"author":[{"embeddable":true,"href":"https:\/\/www.gullemig.se\/en\/wp-json\/wp\/v2\/users\/1"}],"replies":[{"embeddable":true,"href":"https:\/\/www.gullemig.se\/en\/wp-json\/wp\/v2\/comments?post=3907"}],"version-history":[{"count":11,"href":"https:\/\/www.gullemig.se\/en\/wp-json\/wp\/v2\/pages\/3907\/revisions"}],"predecessor-version":[{"id":86034,"href":"https:\/\/www.gullemig.se\/en\/wp-json\/wp\/v2\/pages\/3907\/revisions\/86034"}],"wp:attachment":[{"href":"https:\/\/www.gullemig.se\/en\/wp-json\/wp\/v2\/media?parent=3907"}],"curies":[{"name":"wp","href":"https:\/\/api.w.org\/{rel}","templated":true}]}}